{"id":368,"date":"2026-02-26T14:25:07","date_gmt":"2026-02-26T13:25:07","guid":{"rendered":"https:\/\/actionmall.act.at\/shop\/1899\/?post_type=product&#038;p=368"},"modified":"2026-02-26T14:25:07","modified_gmt":"2026-02-26T13:25:07","slug":"google-pixel-9-pro-2","status":"publish","type":"product","link":"https:\/\/actionmall.act.at\/shop\/1899\/produkt\/google-pixel-9-pro-2\/","title":{"rendered":"Google Pixel 9 Pro"},"content":{"rendered":"<p>Das <strong data-start=\"96\" data-end=\"118\">Google Pixel 9 Pro<\/strong> ist ein Premium-Smartphone mit starkem Fokus auf KI-Funktionen und Fotografie. Es kommt mit einem <strong data-start=\"217\" data-end=\"254\">6,3\u2033 LTPO-OLED-Display (1\u2013120 Hz)<\/strong> f\u00fcr fl\u00fcssige Darstellung, dem leistungsf\u00e4higen <strong data-start=\"302\" data-end=\"327\">Google Tensor G4-Chip<\/strong> und bis zu <strong data-start=\"339\" data-end=\"352\">16 GB RAM<\/strong> f\u00fcr schnelle Performance. Die hochwertige Kamera mit mehreren Objektiven liefert scharfe Fotos und Videos, w\u00e4hrend der <strong data-start=\"472\" data-end=\"490\">4.700 mAh-Akku<\/strong> lange Laufzeiten unterst\u00fctzt. Android-Software, 5G-Konnectivit\u00e4t und sieben Jahre Sicherheits- und OS-Updates machen es zu einer zukunftssicheren Wahl.<\/p>\n","protected":false},"excerpt":{"rendered":"<p>Das Google Pixel 9 Pro ist ein Premium-Smartphone mit starkem Fokus auf KI-Funktionen und Fotografie. Es kommt mit einem 6,3\u2033 LTPO-OLED-Display (1\u2013120 Hz) f\u00fcr fl\u00fcssige Darstellung, dem leistungsf\u00e4higen Google Tensor G4-Chip und bis zu 16 GB RAM f\u00fcr schnelle Performance. Die hochwertige Kamera mit mehreren Objektiven liefert scharfe Fotos und Videos, w\u00e4hrend der 4.700 mAh-Akku [&hellip;]<\/p>\n","protected":false},"featured_media":0,"template":"","meta":[],"product_cat":[58],"product_tag":[],"class_list":{"0":"post-368","1":"product","2":"type-product","3":"status-publish","5":"product_cat-it-und-elektronik","7":"first","8":"instock","9":"taxable","10":"shipping-taxable","11":"purchasable","12":"product-type-simple"},"_links":{"self":[{"href":"https:\/\/actionmall.act.at\/shop\/1899\/wp-json\/wp\/v2\/product\/368"}],"collection":[{"href":"https:\/\/actionmall.act.at\/shop\/1899\/wp-json\/wp\/v2\/product"}],"about":[{"href":"https:\/\/actionmall.act.at\/shop\/1899\/wp-json\/wp\/v2\/types\/product"}],"wp:attachment":[{"href":"https:\/\/actionmall.act.at\/shop\/1899\/wp-json\/wp\/v2\/media?parent=368"}],"wp:term":[{"taxonomy":"product_cat","embeddable":true,"href":"https:\/\/actionmall.act.at\/shop\/1899\/wp-json\/wp\/v2\/product_cat?post=368"},{"taxonomy":"product_tag","embeddable":true,"href":"https:\/\/actionmall.act.at\/shop\/1899\/wp-json\/wp\/v2\/product_tag?post=368"}],"curies":[{"name":"wp","href":"https:\/\/api.w.org\/{rel}","templated":true}]}}