{"id":372,"date":"2026-02-26T14:32:49","date_gmt":"2026-02-26T13:32:49","guid":{"rendered":"https:\/\/actionmall.act.at\/shop\/1899\/?post_type=product&#038;p=372"},"modified":"2026-03-19T15:34:35","modified_gmt":"2026-03-19T14:34:35","slug":"samsung-galaxy-s24-ultra-phantom-black","status":"publish","type":"product","link":"https:\/\/actionmall.act.at\/shop\/1899\/produkt\/samsung-galaxy-s24-ultra-phantom-black\/","title":{"rendered":"Samsung Galaxy S24 Ultra Phantom Black"},"content":{"rendered":"<p>Das Samsung Galaxy S24 Ultra ist ein High-End-Android-Smartphone mit erstklassiger Ausstattung: gro\u00dfes <strong data-start=\"188\" data-end=\"224\">6,8\u2033 QHD+ Dynamic AMOLED-Display<\/strong> mit 120 Hz f\u00fcr brillante Farben und fl\u00fcssige Darstellung, leistungsstarker <strong data-start=\"300\" data-end=\"332\">Snapdragon 8 Gen 3-Prozessor<\/strong>, bis zu <strong data-start=\"341\" data-end=\"358\">1 TB Speicher<\/strong> und <strong data-start=\"363\" data-end=\"376\">12 GB RAM<\/strong> f\u00fcr hohe Performance. Die <strong data-start=\"403\" data-end=\"445\">Quad-Kamera (u. a. 200 MP Hauptsensor)<\/strong> liefert herausragende Fotos und Videos. Mit gro\u00dfem <strong data-start=\"497\" data-end=\"514\">5000 mAh-Akku<\/strong>, schneller Ladefunktion, IP68-Schutz gegen Wasser\/Staub und moderner Software-Unterst\u00fctzung ist es ideal f\u00fcr anspruchsvolle Nutzer und mobile Kreative. Gewicht ca. <strong data-start=\"679\" data-end=\"688\">232 g<\/strong> \u2013 robust, aber angenehm zu tragen.<\/p>\n","protected":false},"excerpt":{"rendered":"<p>Das Samsung Galaxy S24 Ultra ist ein High-End-Android-Smartphone mit erstklassiger Ausstattung: gro\u00dfes 6,8\u2033 QHD+ Dynamic AMOLED-Display mit 120 Hz f\u00fcr brillante Farben und fl\u00fcssige Darstellung, leistungsstarker Snapdragon 8 Gen 3-Prozessor, bis zu 1 TB Speicher und 12 GB RAM f\u00fcr hohe Performance. Die Quad-Kamera (u. a. 200 MP Hauptsensor) liefert herausragende Fotos und Videos. Mit [&hellip;]<\/p>\n","protected":false},"featured_media":416,"template":"","meta":[],"product_cat":[58],"product_tag":[],"class_list":{"0":"post-372","1":"product","2":"type-product","3":"status-publish","4":"has-post-thumbnail","6":"product_cat-it-und-elektronik","8":"first","9":"instock","10":"taxable","11":"shipping-taxable","12":"purchasable","13":"product-type-simple"},"_links":{"self":[{"href":"https:\/\/actionmall.act.at\/shop\/1899\/wp-json\/wp\/v2\/product\/372"}],"collection":[{"href":"https:\/\/actionmall.act.at\/shop\/1899\/wp-json\/wp\/v2\/product"}],"about":[{"href":"https:\/\/actionmall.act.at\/shop\/1899\/wp-json\/wp\/v2\/types\/product"}],"wp:featuredmedia":[{"embeddable":true,"href":"https:\/\/actionmall.act.at\/shop\/1899\/wp-json\/wp\/v2\/media\/416"}],"wp:attachment":[{"href":"https:\/\/actionmall.act.at\/shop\/1899\/wp-json\/wp\/v2\/media?parent=372"}],"wp:term":[{"taxonomy":"product_cat","embeddable":true,"href":"https:\/\/actionmall.act.at\/shop\/1899\/wp-json\/wp\/v2\/product_cat?post=372"},{"taxonomy":"product_tag","embeddable":true,"href":"https:\/\/actionmall.act.at\/shop\/1899\/wp-json\/wp\/v2\/product_tag?post=372"}],"curies":[{"name":"wp","href":"https:\/\/api.w.org\/{rel}","templated":true}]}}