{"id":383,"date":"2026-02-26T14:54:40","date_gmt":"2026-02-26T13:54:40","guid":{"rendered":"https:\/\/actionmall.act.at\/shop\/1899\/?post_type=product&#038;p=383"},"modified":"2026-03-19T15:32:41","modified_gmt":"2026-03-19T14:32:41","slug":"apple-watch-series-10","status":"publish","type":"product","link":"https:\/\/actionmall.act.at\/shop\/1899\/produkt\/apple-watch-series-10\/","title":{"rendered":"Apple Watch Series 10"},"content":{"rendered":"<p>Die <strong data-start=\"96\" data-end=\"121\">Apple Watch Series\u202f10<\/strong> ist eine moderne Smartwatch mit schlankem Design, gro\u00dfem und hochaufl\u00f6sendem OLED\u2011Display, das deutlich gr\u00f6\u00dfer und fortschrittlicher ist als bei fr\u00fcheren Modellen. Sie bietet smarte Gesundheits\u2011 und Fitness\u2011Funktionen wie Herz\u2011 und Temperatur\u2011Sensoren, Tiefen\u2011 und Wassertemperaturmessung f\u00fcr Wasser\u2011Workouts sowie Schlaf\u2011Apnoe\u2011Benachrichtigungen. Mit dem schnellen S10\u2011Chip, schnellerem Laden, integriertem Lautsprecher f\u00fcr Audio\u2011Wiedergabe und intelligenter Siri\u2011Steuerung (on\u2011device) ist sie ein vielseitiger Alltags\u2011Begleiter am Handgelenk \u2013 ideal f\u00fcr Activity\u2011Tracking, Nachrichten, Anrufe und mehr. Die Uhr ist robust bis 50\u202fm wasserdicht und in verschiedenen Geh\u00e4usevarianten aus Aluminium oder Titan erh\u00e4ltlich.<\/p>\n","protected":false},"excerpt":{"rendered":"<p>Die Apple Watch Series\u202f10 ist eine moderne Smartwatch mit schlankem Design, gro\u00dfem und hochaufl\u00f6sendem OLED\u2011Display, das deutlich gr\u00f6\u00dfer und fortschrittlicher ist als bei fr\u00fcheren Modellen. Sie bietet smarte Gesundheits\u2011 und Fitness\u2011Funktionen wie Herz\u2011 und Temperatur\u2011Sensoren, Tiefen\u2011 und Wassertemperaturmessung f\u00fcr Wasser\u2011Workouts sowie Schlaf\u2011Apnoe\u2011Benachrichtigungen. Mit dem schnellen S10\u2011Chip, schnellerem Laden, integriertem Lautsprecher f\u00fcr Audio\u2011Wiedergabe und intelligenter Siri\u2011Steuerung [&hellip;]<\/p>\n","protected":false},"featured_media":415,"template":"","meta":[],"product_cat":[58],"product_tag":[],"class_list":{"0":"post-383","1":"product","2":"type-product","3":"status-publish","4":"has-post-thumbnail","6":"product_cat-it-und-elektronik","8":"first","9":"instock","10":"taxable","11":"shipping-taxable","12":"purchasable","13":"product-type-simple"},"_links":{"self":[{"href":"https:\/\/actionmall.act.at\/shop\/1899\/wp-json\/wp\/v2\/product\/383"}],"collection":[{"href":"https:\/\/actionmall.act.at\/shop\/1899\/wp-json\/wp\/v2\/product"}],"about":[{"href":"https:\/\/actionmall.act.at\/shop\/1899\/wp-json\/wp\/v2\/types\/product"}],"wp:featuredmedia":[{"embeddable":true,"href":"https:\/\/actionmall.act.at\/shop\/1899\/wp-json\/wp\/v2\/media\/415"}],"wp:attachment":[{"href":"https:\/\/actionmall.act.at\/shop\/1899\/wp-json\/wp\/v2\/media?parent=383"}],"wp:term":[{"taxonomy":"product_cat","embeddable":true,"href":"https:\/\/actionmall.act.at\/shop\/1899\/wp-json\/wp\/v2\/product_cat?post=383"},{"taxonomy":"product_tag","embeddable":true,"href":"https:\/\/actionmall.act.at\/shop\/1899\/wp-json\/wp\/v2\/product_tag?post=383"}],"curies":[{"name":"wp","href":"https:\/\/api.w.org\/{rel}","templated":true}]}}