{"id":388,"date":"2026-02-26T15:13:02","date_gmt":"2026-02-26T14:13:02","guid":{"rendered":"https:\/\/actionmall.act.at\/shop\/1899\/?post_type=product&#038;p=388"},"modified":"2026-02-26T15:13:03","modified_gmt":"2026-02-26T14:13:03","slug":"samsung-hifi-anlage-mm-j320","status":"publish","type":"product","link":"https:\/\/actionmall.act.at\/shop\/1899\/produkt\/samsung-hifi-anlage-mm-j320\/","title":{"rendered":"SAMSUNG Hifi-Anlage MM-J320"},"content":{"rendered":"<p><strong data-start=\"0\" data-end=\"36\">Samsung MM\u2011J320 Hi\u2011Fi\u2011Anlage<\/strong> ist ein kompaktes <strong data-start=\"55\" data-end=\"77\">Micro\u2011Audio\u2011System<\/strong> f\u00fcr Zuhause, das Musik \u00fcber mehrere Quellen wiedergeben kann \u2013 ideal f\u00fcr Wohnzimmer, K\u00fcche oder B\u00fcro.<\/p>\n","protected":false},"excerpt":{"rendered":"<p>Samsung MM\u2011J320 Hi\u2011Fi\u2011Anlage ist ein kompaktes Micro\u2011Audio\u2011System f\u00fcr Zuhause, das Musik \u00fcber mehrere Quellen wiedergeben kann \u2013 ideal f\u00fcr Wohnzimmer, K\u00fcche oder B\u00fcro.<\/p>\n","protected":false},"featured_media":0,"template":"","meta":[],"product_cat":[58],"product_tag":[],"class_list":{"0":"post-388","1":"product","2":"type-product","3":"status-publish","5":"product_cat-it-und-elektronik","7":"first","8":"instock","9":"taxable","10":"shipping-taxable","11":"purchasable","12":"product-type-simple"},"_links":{"self":[{"href":"https:\/\/actionmall.act.at\/shop\/1899\/wp-json\/wp\/v2\/product\/388"}],"collection":[{"href":"https:\/\/actionmall.act.at\/shop\/1899\/wp-json\/wp\/v2\/product"}],"about":[{"href":"https:\/\/actionmall.act.at\/shop\/1899\/wp-json\/wp\/v2\/types\/product"}],"wp:attachment":[{"href":"https:\/\/actionmall.act.at\/shop\/1899\/wp-json\/wp\/v2\/media?parent=388"}],"wp:term":[{"taxonomy":"product_cat","embeddable":true,"href":"https:\/\/actionmall.act.at\/shop\/1899\/wp-json\/wp\/v2\/product_cat?post=388"},{"taxonomy":"product_tag","embeddable":true,"href":"https:\/\/actionmall.act.at\/shop\/1899\/wp-json\/wp\/v2\/product_tag?post=388"}],"curies":[{"name":"wp","href":"https:\/\/api.w.org\/{rel}","templated":true}]}}