{"id":389,"date":"2026-02-26T15:15:03","date_gmt":"2026-02-26T14:15:03","guid":{"rendered":"https:\/\/actionmall.act.at\/shop\/1899\/?post_type=product&#038;p=389"},"modified":"2026-02-26T15:15:04","modified_gmt":"2026-02-26T14:15:04","slug":"pioneer-hifi-anlage-x-hm11-2","status":"publish","type":"product","link":"https:\/\/actionmall.act.at\/shop\/1899\/produkt\/pioneer-hifi-anlage-x-hm11-2\/","title":{"rendered":"Pioneer Hifi-Anlage X-HM11"},"content":{"rendered":"<article class=\"text-token-text-primary w-full focus:outline-none [--shadow-height:45px] has-data-writing-block:pointer-events-none has-data-writing-block:-mt-(--shadow-height) has-data-writing-block:pt-(--shadow-height) [&#038;:has([data-writing-block])>*]:pointer-events-auto scroll-mt-(&#8211;header-height)&#8220; dir=&#8220;auto&#8220; data-turn-id=&#8220;4bfc26d0-e474-42dd-8a23-a6aaf27794c2&#8243; data-testid=&#8220;conversation-turn-45&#8243; data-scroll-anchor=&#8220;false&#8220; data-turn=&#8220;user&#8220;><\/article>\n<article class=\"text-token-text-primary w-full focus:outline-none [--shadow-height:45px] has-data-writing-block:pointer-events-none has-data-writing-block:-mt-(--shadow-height) has-data-writing-block:pt-(--shadow-height) [&#038;:has([data-writing-block])>*]:pointer-events-auto scroll-mt-[calc(var(&#8211;header-height)+min(200px,max(70px,20svh)))]&#8220; dir=&#8220;auto&#8220; data-turn-id=&#8220;request-WEB:65078ebe-e341-41b1-8f39-41ad9cc3efc0-22&#8243; data-testid=&#8220;conversation-turn-46&#8243; data-scroll-anchor=&#8220;true&#8220; data-turn=&#8220;assistant&#8220;><\/p>\n<div class=\"text-base my-auto mx-auto pb-10 [--thread-content-margin:--spacing(4)] @w-sm\/main:[--thread-content-margin:--spacing(6)] @w-lg\/main:[--thread-content-margin:--spacing(16)] px-(--thread-content-margin)\">\n<div class=\"[--thread-content-max-width:40rem] @w-lg\/main:[--thread-content-max-width:48rem] mx-auto max-w-(--thread-content-max-width) flex-1 group\/turn-messages focus-visible:outline-hidden relative flex w-full min-w-0 flex-col agent-turn\">\n<div class=\"flex max-w-full flex-col grow\">\n<div class=\"min-h-8 text-message relative flex w-full flex-col items-end gap-2 text-start break-words whitespace-normal [.text-message+&#038;]:mt-1\" dir=\"auto\" data-message-author-role=\"assistant\" data-message-id=\"65eba070-836c-49de-aead-b94af2f6311a\" data-message-model-slug=\"gpt-5-mini\">\n<div class=\"flex w-full flex-col gap-1 empty:hidden first:pt-[1px]\">\n<div class=\"markdown prose dark:prose-invert w-full wrap-break-word light markdown-new-styling\">\n<p data-start=\"0\" data-end=\"220\"><strong data-start=\"0\" data-end=\"41\"><span class=\"inline align-baseline\"><span class=\"whitespace-normal\"><span class=\"hover:entity-accent entity-underline cursor-pointer\">Pioneer X\u2011HM11 Hi\u2011Fi\u2011System<\/span><\/span><\/span><\/strong> ist eine kompakte <strong data-start=\"60\" data-end=\"80\">Mini\u2011HiFi\u2011Anlage<\/strong> von <em data-start=\"85\" data-end=\"94\">Pioneer<\/em>, ideal f\u00fcr Musikliebhaber, die flexibel CDs, Radio und digitale Musik genie\u00dfen m\u00f6chten.<\/p>\n<\/div>\n<\/div>\n<\/div>\n<\/div>\n<\/div>\n<\/div>\n<\/article>\n","protected":false},"excerpt":{"rendered":"<p>*]:pointer-events-auto scroll-mt-[calc(var(&#8211;header-height)+min(200px,max(70px,20svh)))]&#8220; dir=&#8220;auto&#8220; data-turn-id=&#8220;request-WEB:65078ebe-e341-41b1-8f39-41ad9cc3efc0-22&#8243; data-testid=&#8220;conversation-turn-46&#8243; data-scroll-anchor=&#8220;true&#8220; data-turn=&#8220;assistant&#8220;> Pioneer X\u2011HM11 Hi\u2011Fi\u2011System ist eine kompakte Mini\u2011HiFi\u2011Anlage von Pioneer, ideal f\u00fcr Musikliebhaber, die flexibel CDs, Radio und digitale Musik genie\u00dfen m\u00f6chten.<\/p>\n","protected":false},"featured_media":0,"template":"","meta":[],"product_cat":[58],"product_tag":[],"class_list":{"0":"post-389","1":"product","2":"type-product","3":"status-publish","5":"product_cat-it-und-elektronik","7":"first","8":"instock","9":"taxable","10":"shipping-taxable","11":"purchasable","12":"product-type-simple"},"_links":{"self":[{"href":"https:\/\/actionmall.act.at\/shop\/1899\/wp-json\/wp\/v2\/product\/389"}],"collection":[{"href":"https:\/\/actionmall.act.at\/shop\/1899\/wp-json\/wp\/v2\/product"}],"about":[{"href":"https:\/\/actionmall.act.at\/shop\/1899\/wp-json\/wp\/v2\/types\/product"}],"wp:attachment":[{"href":"https:\/\/actionmall.act.at\/shop\/1899\/wp-json\/wp\/v2\/media?parent=389"}],"wp:term":[{"taxonomy":"product_cat","embeddable":true,"href":"https:\/\/actionmall.act.at\/shop\/1899\/wp-json\/wp\/v2\/product_cat?post=389"},{"taxonomy":"product_tag","embeddable":true,"href":"https:\/\/actionmall.act.at\/shop\/1899\/wp-json\/wp\/v2\/product_tag?post=389"}],"curies":[{"name":"wp","href":"https:\/\/api.w.org\/{rel}","templated":true}]}}