{"id":296,"date":"2025-11-07T09:52:19","date_gmt":"2025-11-07T08:52:19","guid":{"rendered":"https:\/\/actionmall.act.at\/shop\/1901\/?post_type=product&#038;p=296"},"modified":"2025-11-28T08:54:43","modified_gmt":"2025-11-28T07:54:43","slug":"ki-als-business-booster","status":"publish","type":"product","link":"https:\/\/actionmall.act.at\/shop\/1901\/en\/produkt\/ki-als-business-booster\/","title":{"rendered":"eBook KI als Business Booster"},"content":{"rendered":"<p><span data-contrast=\"none\">Dieses\u00a0Buch zeigt, wie Unternehmen K\u00fcnstliche Intelligenz gezielt einsetzen k\u00f6nnen, um Prozesse zu verbessern, Innovationen zu f\u00f6rdern und ihre Wettbewerbsf\u00e4higkeit zu steigern.<\/span><span data-ccp-props=\"{\">\u00a0<\/span><\/p>\n<p><span data-ccp-props=\"{\">\u00a0<\/span><\/p>\n","protected":false},"excerpt":{"rendered":"<p>Dieses\u00a0Buch zeigt, wie Unternehmen K\u00fcnstliche Intelligenz gezielt einsetzen k\u00f6nnen, um Prozesse zu verbessern, Innovationen zu f\u00f6rdern und ihre Wettbewerbsf\u00e4higkeit zu steigern.\u00a0 \u00a0<\/p>\n","protected":false},"featured_media":318,"template":"","meta":[],"product_cat":[],"product_tag":[],"class_list":{"0":"post-296","1":"product","2":"type-product","3":"status-publish","4":"has-post-thumbnail","7":"first","8":"instock","9":"taxable","10":"shipping-taxable","11":"purchasable","12":"product-type-simple"},"_links":{"self":[{"href":"https:\/\/actionmall.act.at\/shop\/1901\/en\/wp-json\/wp\/v2\/product\/296"}],"collection":[{"href":"https:\/\/actionmall.act.at\/shop\/1901\/en\/wp-json\/wp\/v2\/product"}],"about":[{"href":"https:\/\/actionmall.act.at\/shop\/1901\/en\/wp-json\/wp\/v2\/types\/product"}],"wp:featuredmedia":[{"embeddable":true,"href":"https:\/\/actionmall.act.at\/shop\/1901\/en\/wp-json\/wp\/v2\/media\/318"}],"wp:attachment":[{"href":"https:\/\/actionmall.act.at\/shop\/1901\/en\/wp-json\/wp\/v2\/media?parent=296"}],"wp:term":[{"taxonomy":"product_cat","embeddable":true,"href":"https:\/\/actionmall.act.at\/shop\/1901\/en\/wp-json\/wp\/v2\/product_cat?post=296"},{"taxonomy":"product_tag","embeddable":true,"href":"https:\/\/actionmall.act.at\/shop\/1901\/en\/wp-json\/wp\/v2\/product_tag?post=296"}],"curies":[{"name":"wp","href":"https:\/\/api.w.org\/{rel}","templated":true}]}}