{"id":298,"date":"2025-11-07T09:53:49","date_gmt":"2025-11-07T08:53:49","guid":{"rendered":"https:\/\/actionmall.act.at\/shop\/1901\/?post_type=product&#038;p=298"},"modified":"2025-11-28T08:42:33","modified_gmt":"2025-11-28T07:42:33","slug":"green-map","status":"publish","type":"product","link":"https:\/\/actionmall.act.at\/shop\/1901\/en\/produkt\/green-map\/","title":{"rendered":"Fachbuch Green Map"},"content":{"rendered":"<p><span class=\"TextRun SCXW22206496 BCX8\" lang=\"DE-DE\" xml:lang=\"DE-DE\" data-contrast=\"none\"><span class=\"NormalTextRun SCXW22206496 BCX8\">Dieses<\/span><span class=\"NormalTextRun SCXW22206496 BCX8\"> Buch zeigt, wie Unternehmen Verantwortung verteilen, sich klar positionieren und Nachhaltigkeit wirtschaftlich erfolgreich umsetzen. Mit fundierten Denkanst\u00f6\u00dfen, konkreten Beispielen und einer Roadmap mit 55 Standpunkten l\u00e4dt es zur Reflexion und zum Handeln ein.<\/span><\/span><\/p>\n","protected":false},"excerpt":{"rendered":"<p>Dieses Buch zeigt, wie Unternehmen Verantwortung verteilen, sich klar positionieren und Nachhaltigkeit wirtschaftlich erfolgreich umsetzen. Mit fundierten Denkanst\u00f6\u00dfen, konkreten Beispielen und einer Roadmap mit 55 Standpunkten l\u00e4dt es zur Reflexion und zum Handeln ein.<\/p>\n","protected":false},"featured_media":332,"template":"","meta":[],"product_cat":[],"product_tag":[],"class_list":{"0":"post-298","1":"product","2":"type-product","3":"status-publish","4":"has-post-thumbnail","7":"first","8":"instock","9":"taxable","10":"shipping-taxable","11":"purchasable","12":"product-type-simple"},"_links":{"self":[{"href":"https:\/\/actionmall.act.at\/shop\/1901\/en\/wp-json\/wp\/v2\/product\/298"}],"collection":[{"href":"https:\/\/actionmall.act.at\/shop\/1901\/en\/wp-json\/wp\/v2\/product"}],"about":[{"href":"https:\/\/actionmall.act.at\/shop\/1901\/en\/wp-json\/wp\/v2\/types\/product"}],"wp:featuredmedia":[{"embeddable":true,"href":"https:\/\/actionmall.act.at\/shop\/1901\/en\/wp-json\/wp\/v2\/media\/332"}],"wp:attachment":[{"href":"https:\/\/actionmall.act.at\/shop\/1901\/en\/wp-json\/wp\/v2\/media?parent=298"}],"wp:term":[{"taxonomy":"product_cat","embeddable":true,"href":"https:\/\/actionmall.act.at\/shop\/1901\/en\/wp-json\/wp\/v2\/product_cat?post=298"},{"taxonomy":"product_tag","embeddable":true,"href":"https:\/\/actionmall.act.at\/shop\/1901\/en\/wp-json\/wp\/v2\/product_tag?post=298"}],"curies":[{"name":"wp","href":"https:\/\/api.w.org\/{rel}","templated":true}]}}