{"id":300,"date":"2025-11-07T09:55:01","date_gmt":"2025-11-07T08:55:01","guid":{"rendered":"https:\/\/actionmall.act.at\/shop\/1901\/?post_type=product&#038;p=300"},"modified":"2025-11-28T09:08:49","modified_gmt":"2025-11-28T08:08:49","slug":"green-leadership-training","status":"publish","type":"product","link":"https:\/\/actionmall.act.at\/shop\/1901\/en\/produkt\/green-leadership-training\/","title":{"rendered":"Green Leadership Training"},"content":{"rendered":"<p><span class=\"TextRun SCXW30086095 BCX8\" lang=\"DE-DE\" xml:lang=\"DE-DE\" data-contrast=\"auto\"><span class=\"NormalTextRun SCXW30086095 BCX8\">Dieses Training ist ein<\/span><span class=\"NormalTextRun SCXW30086095 BCX8\">\u00a0praxisnahes Schulungsprogramm f\u00fcr F\u00fchrungskr\u00e4fte, die Nachhaltigkeit und soziale Verantwortung in ihre Unternehmensstrategie integrieren m\u00f6chten. Mit Fallstudien, interaktiven Workshops und praxisorientierten \u00dcbungen lernen die Teilnehmenden, wie sie nachhaltige Entscheidungen treffen, Mitarbeite<\/span><span class=\"NormalTextRun SCXW30086095 BCX8\">nde<\/span><span class=\"NormalTextRun SCXW30086095 BCX8\">\u00a0motivieren und gesellschaftliche Verantwortung glaubw\u00fcrdig umsetzen.\u202f<\/span><\/span><span class=\"EOP SCXW30086095 BCX8\" data-ccp-props=\"{\">\u00a0<\/span><\/p>\n","protected":false},"excerpt":{"rendered":"<p>Dieses Training ist ein\u00a0praxisnahes Schulungsprogramm f\u00fcr F\u00fchrungskr\u00e4fte, die Nachhaltigkeit und soziale Verantwortung in ihre Unternehmensstrategie integrieren m\u00f6chten. Mit Fallstudien, interaktiven Workshops und praxisorientierten \u00dcbungen lernen die Teilnehmenden, wie sie nachhaltige Entscheidungen treffen, Mitarbeitende\u00a0motivieren und gesellschaftliche Verantwortung glaubw\u00fcrdig umsetzen.\u202f\u00a0<\/p>\n","protected":false},"featured_media":338,"template":"","meta":[],"product_cat":[],"product_tag":[],"class_list":{"0":"post-300","1":"product","2":"type-product","3":"status-publish","4":"has-post-thumbnail","7":"first","8":"instock","9":"taxable","10":"shipping-taxable","11":"purchasable","12":"product-type-simple"},"_links":{"self":[{"href":"https:\/\/actionmall.act.at\/shop\/1901\/en\/wp-json\/wp\/v2\/product\/300"}],"collection":[{"href":"https:\/\/actionmall.act.at\/shop\/1901\/en\/wp-json\/wp\/v2\/product"}],"about":[{"href":"https:\/\/actionmall.act.at\/shop\/1901\/en\/wp-json\/wp\/v2\/types\/product"}],"wp:featuredmedia":[{"embeddable":true,"href":"https:\/\/actionmall.act.at\/shop\/1901\/en\/wp-json\/wp\/v2\/media\/338"}],"wp:attachment":[{"href":"https:\/\/actionmall.act.at\/shop\/1901\/en\/wp-json\/wp\/v2\/media?parent=300"}],"wp:term":[{"taxonomy":"product_cat","embeddable":true,"href":"https:\/\/actionmall.act.at\/shop\/1901\/en\/wp-json\/wp\/v2\/product_cat?post=300"},{"taxonomy":"product_tag","embeddable":true,"href":"https:\/\/actionmall.act.at\/shop\/1901\/en\/wp-json\/wp\/v2\/product_tag?post=300"}],"curies":[{"name":"wp","href":"https:\/\/api.w.org\/{rel}","templated":true}]}}