{"id":308,"date":"2025-11-14T08:54:15","date_gmt":"2025-11-14T07:54:15","guid":{"rendered":"https:\/\/actionmall.act.at\/shop\/1901\/?post_type=product&#038;p=308"},"modified":"2025-11-28T08:35:58","modified_gmt":"2025-11-28T07:35:58","slug":"ebook-green-map","status":"publish","type":"product","link":"https:\/\/actionmall.act.at\/shop\/1901\/produkt\/ebook-green-map\/","title":{"rendered":"eBook Green Map"},"content":{"rendered":"<p>Dieses Buch zeigt, wie Unternehmen Verantwortung verteilen, sich klar positionieren und Nachhaltigkeit wirtschaftlich erfolgreich umsetzen. Mit fundierten Denkanst\u00f6\u00dfen, konkreten Beispielen und einer Roadmap mit 55 Standpunkten l\u00e4dt es zur Reflexion und zum Handeln ein.<\/p>\n","protected":false},"excerpt":{"rendered":"<p>Dieses Buch zeigt, wie Unternehmen Verantwortung verteilen, sich klar positionieren und Nachhaltigkeit wirtschaftlich erfolgreich umsetzen. Mit fundierten Denkanst\u00f6\u00dfen, konkreten Beispielen und einer Roadmap mit 55 Standpunkten l\u00e4dt es zur Reflexion und zum Handeln ein.<\/p>\n","protected":false},"featured_media":333,"template":"","meta":[],"product_cat":[],"product_tag":[],"class_list":{"0":"post-308","1":"product","2":"type-product","3":"status-publish","4":"has-post-thumbnail","7":"first","8":"instock","9":"taxable","10":"shipping-taxable","11":"purchasable","12":"product-type-simple"},"_links":{"self":[{"href":"https:\/\/actionmall.act.at\/shop\/1901\/wp-json\/wp\/v2\/product\/308"}],"collection":[{"href":"https:\/\/actionmall.act.at\/shop\/1901\/wp-json\/wp\/v2\/product"}],"about":[{"href":"https:\/\/actionmall.act.at\/shop\/1901\/wp-json\/wp\/v2\/types\/product"}],"wp:featuredmedia":[{"embeddable":true,"href":"https:\/\/actionmall.act.at\/shop\/1901\/wp-json\/wp\/v2\/media\/333"}],"wp:attachment":[{"href":"https:\/\/actionmall.act.at\/shop\/1901\/wp-json\/wp\/v2\/media?parent=308"}],"wp:term":[{"taxonomy":"product_cat","embeddable":true,"href":"https:\/\/actionmall.act.at\/shop\/1901\/wp-json\/wp\/v2\/product_cat?post=308"},{"taxonomy":"product_tag","embeddable":true,"href":"https:\/\/actionmall.act.at\/shop\/1901\/wp-json\/wp\/v2\/product_tag?post=308"}],"curies":[{"name":"wp","href":"https:\/\/api.w.org\/{rel}","templated":true}]}}