{"id":334,"date":"2025-04-08T15:11:39","date_gmt":"2025-04-08T13:11:39","guid":{"rendered":"https:\/\/actionmall.act.at\/shop\/1925\/?post_type=product&#038;p=334"},"modified":"2026-02-15T00:48:14","modified_gmt":"2026-02-14T23:48:14","slug":"sony-alpha-a7-ii","status":"publish","type":"product","link":"https:\/\/actionmall.act.at\/shop\/1925\/en\/produkt\/sony-alpha-a7-ii\/","title":{"rendered":"Sony Alpha A7 II"},"content":{"rendered":"<p>Preisg\u00fcnstige spiegellose Vollformatkamera mit Bildstabilisierung, ideal f\u00fcr Anf\u00e4nger und preisbewusste Fotografen<\/p>\n","protected":false},"excerpt":{"rendered":"<p>Preisg\u00fcnstige spiegellose Vollformatkamera mit Bildstabilisierung, ideal f\u00fcr Anf\u00e4nger und preisbewusste Fotografen<\/p>\n","protected":false},"featured_media":335,"template":"","meta":[],"product_cat":[],"product_tag":[],"class_list":{"0":"post-334","1":"product","2":"type-product","3":"status-publish","4":"has-post-thumbnail","7":"first","8":"instock","9":"taxable","10":"shipping-taxable","11":"purchasable","12":"product-type-simple"},"_links":{"self":[{"href":"https:\/\/actionmall.act.at\/shop\/1925\/en\/wp-json\/wp\/v2\/product\/334"}],"collection":[{"href":"https:\/\/actionmall.act.at\/shop\/1925\/en\/wp-json\/wp\/v2\/product"}],"about":[{"href":"https:\/\/actionmall.act.at\/shop\/1925\/en\/wp-json\/wp\/v2\/types\/product"}],"wp:featuredmedia":[{"embeddable":true,"href":"https:\/\/actionmall.act.at\/shop\/1925\/en\/wp-json\/wp\/v2\/media\/335"}],"wp:attachment":[{"href":"https:\/\/actionmall.act.at\/shop\/1925\/en\/wp-json\/wp\/v2\/media?parent=334"}],"wp:term":[{"taxonomy":"product_cat","embeddable":true,"href":"https:\/\/actionmall.act.at\/shop\/1925\/en\/wp-json\/wp\/v2\/product_cat?post=334"},{"taxonomy":"product_tag","embeddable":true,"href":"https:\/\/actionmall.act.at\/shop\/1925\/en\/wp-json\/wp\/v2\/product_tag?post=334"}],"curies":[{"name":"wp","href":"https:\/\/api.w.org\/{rel}","templated":true}]}}