{"id":567,"date":"2026-02-05T13:15:39","date_gmt":"2026-02-05T12:15:39","guid":{"rendered":"https:\/\/actionmall.act.at\/shop\/1925\/?post_type=product&#038;p=567"},"modified":"2026-02-05T13:15:39","modified_gmt":"2026-02-05T12:15:39","slug":"apple-homepod-2-generation","status":"publish","type":"product","link":"https:\/\/actionmall.act.at\/shop\/1925\/en\/produkt\/apple-homepod-2-generation\/","title":{"rendered":"APPLE HomePod 2. Generation"},"content":{"rendered":"<table width=\"167\">\n<tbody>\n<tr>\n<td width=\"167\">Immersives Premium Hi-Fi Audio<br \/>\nLeistungsstarker High-Excursion Tieft\u00f6ner f\u00fcr tiefe, satte B\u00e4sse<br \/>\nF\u00fcnf Beamforming Hocht\u00f6ner f\u00fcr klare, detailreiche H\u00f6hen<\/td>\n<\/tr>\n<\/tbody>\n<\/table>\n","protected":false},"excerpt":{"rendered":"<p>Immersives Premium Hi-Fi Audio Leistungsstarker High-Excursion Tieft\u00f6ner f\u00fcr tiefe, satte B\u00e4sse F\u00fcnf Beamforming Hocht\u00f6ner f\u00fcr klare, detailreiche H\u00f6hen<\/p>\n","protected":false},"featured_media":568,"template":"","meta":[],"product_cat":[],"product_tag":[],"class_list":{"0":"post-567","1":"product","2":"type-product","3":"status-publish","4":"has-post-thumbnail","7":"first","8":"instock","9":"taxable","10":"shipping-taxable","11":"purchasable","12":"product-type-simple"},"_links":{"self":[{"href":"https:\/\/actionmall.act.at\/shop\/1925\/en\/wp-json\/wp\/v2\/product\/567"}],"collection":[{"href":"https:\/\/actionmall.act.at\/shop\/1925\/en\/wp-json\/wp\/v2\/product"}],"about":[{"href":"https:\/\/actionmall.act.at\/shop\/1925\/en\/wp-json\/wp\/v2\/types\/product"}],"wp:featuredmedia":[{"embeddable":true,"href":"https:\/\/actionmall.act.at\/shop\/1925\/en\/wp-json\/wp\/v2\/media\/568"}],"wp:attachment":[{"href":"https:\/\/actionmall.act.at\/shop\/1925\/en\/wp-json\/wp\/v2\/media?parent=567"}],"wp:term":[{"taxonomy":"product_cat","embeddable":true,"href":"https:\/\/actionmall.act.at\/shop\/1925\/en\/wp-json\/wp\/v2\/product_cat?post=567"},{"taxonomy":"product_tag","embeddable":true,"href":"https:\/\/actionmall.act.at\/shop\/1925\/en\/wp-json\/wp\/v2\/product_tag?post=567"}],"curies":[{"name":"wp","href":"https:\/\/api.w.org\/{rel}","templated":true}]}}