{"id":291,"date":"2025-10-01T11:47:29","date_gmt":"2025-10-01T09:47:29","guid":{"rendered":"https:\/\/actionmall.act.at\/shop\/196\/?post_type=product&#038;p=291"},"modified":"2026-03-25T10:51:00","modified_gmt":"2026-03-25T09:51:00","slug":"panasonic-kx-tgq500","status":"publish","type":"product","link":"https:\/\/actionmall.act.at\/shop\/196\/produkt\/panasonic-kx-tgq500\/","title":{"rendered":"Panasonic KX-TGQ500"},"content":{"rendered":"<p>Seniorenfreundliches IP-Schnurlosestelefon mit gro\u00dfen, sprechenden Tasten, extra lauter Klingel- und Sprachfunktion sowie integrierter Notruftaste. Telefonbuch f\u00fcr bis zu 150 Kontakte, Freisprechfunktion und Anrufbeantworter (40min). Ideal f\u00fcr einfache Bedienung und zus\u00e4tzliche Sicherheit.<\/p>\n","protected":false},"excerpt":{"rendered":"<p>Seniorenfreundliches IP-Schnurlosestelefon mit gro\u00dfen, sprechenden Tasten, extra lauter Klingel- und Sprachfunktion sowie integrierter Notruftaste. Telefonbuch f\u00fcr bis zu 150 Kontakte, Freisprechfunktion und Anrufbeantworter (40min). Ideal f\u00fcr einfache Bedienung und zus\u00e4tzliche Sicherheit.<\/p>\n","protected":false},"featured_media":292,"template":"","meta":[],"product_cat":[58],"product_tag":[],"class_list":{"0":"post-291","1":"product","2":"type-product","3":"status-publish","4":"has-post-thumbnail","6":"product_cat-it-und-elektronik","8":"first","9":"instock","10":"taxable","11":"shipping-taxable","12":"purchasable","13":"product-type-simple"},"_links":{"self":[{"href":"https:\/\/actionmall.act.at\/shop\/196\/wp-json\/wp\/v2\/product\/291"}],"collection":[{"href":"https:\/\/actionmall.act.at\/shop\/196\/wp-json\/wp\/v2\/product"}],"about":[{"href":"https:\/\/actionmall.act.at\/shop\/196\/wp-json\/wp\/v2\/types\/product"}],"wp:featuredmedia":[{"embeddable":true,"href":"https:\/\/actionmall.act.at\/shop\/196\/wp-json\/wp\/v2\/media\/292"}],"wp:attachment":[{"href":"https:\/\/actionmall.act.at\/shop\/196\/wp-json\/wp\/v2\/media?parent=291"}],"wp:term":[{"taxonomy":"product_cat","embeddable":true,"href":"https:\/\/actionmall.act.at\/shop\/196\/wp-json\/wp\/v2\/product_cat?post=291"},{"taxonomy":"product_tag","embeddable":true,"href":"https:\/\/actionmall.act.at\/shop\/196\/wp-json\/wp\/v2\/product_tag?post=291"}],"curies":[{"name":"wp","href":"https:\/\/api.w.org\/{rel}","templated":true}]}}