{"id":304,"date":"2026-03-16T11:30:08","date_gmt":"2026-03-16T10:30:08","guid":{"rendered":"https:\/\/actionmall.act.at\/shop\/1963\/?post_type=product&#038;p=304"},"modified":"2026-03-30T17:05:43","modified_gmt":"2026-03-30T15:05:43","slug":"philips-345b1c-00-34-va-monitor-3440-x-1440-uwqhd-100hz-5ms","status":"publish","type":"product","link":"https:\/\/actionmall.act.at\/shop\/1963\/produkt\/philips-345b1c-00-34-va-monitor-3440-x-1440-uwqhd-100hz-5ms\/","title":{"rendered":"Philips 345B1C\/00 34&#8243; VA Monitor, 3440 x 1440 UWQHD, 100Hz, 5ms"},"content":{"rendered":"<div class=\"flex flex-col text-sm pb-25\">\n<article class=\"text-token-text-primary w-full focus:outline-none [--shadow-height:45px] has-data-writing-block:pointer-events-none has-data-writing-block:-mt-(--shadow-height) has-data-writing-block:pt-(--shadow-height) [&#038;:has([data-writing-block])>*]:pointer-events-auto scroll-mt-[calc(var(&#8211;header-height)+min(200px,max(70px,20svh)))]&#8220; dir=&#8220;auto&#8220; data-turn-id=&#8220;request-WEB:717b8379-b18d-4e02-bc07-9c9542244cdd-0&#8243; data-testid=&#8220;conversation-turn-2&#8243; data-scroll-anchor=&#8220;true&#8220; data-turn=&#8220;assistant&#8220;><\/p>\n<div class=\"text-base my-auto mx-auto pb-10 [--thread-content-margin:var(--thread-content-margin-xs,calc(var(--spacing)*4))] @w-sm\/main:[--thread-content-margin:var(--thread-content-margin-sm,calc(var(--spacing)*6))] @w-lg\/main:[--thread-content-margin:var(--thread-content-margin-lg,calc(var(--spacing)*16))] px-(--thread-content-margin)\">\n<div class=\"[--thread-content-max-width:40rem] @w-lg\/main:[--thread-content-max-width:48rem] mx-auto max-w-(--thread-content-max-width) flex-1 group\/turn-messages focus-visible:outline-hidden relative flex w-full min-w-0 flex-col agent-turn\">\n<div class=\"flex max-w-full flex-col gap-4 grow\">\n<div class=\"min-h-8 text-message relative flex w-full flex-col items-end gap-2 text-start break-words whitespace-normal [.text-message+&#038;]:mt-1\" dir=\"auto\" data-message-author-role=\"assistant\" data-message-id=\"ce0d1578-dc8b-4015-99c9-4114bbf0b85b\" data-message-model-slug=\"gpt-5-3\">\n<div class=\"flex w-full flex-col gap-1 empty:hidden\">\n<div class=\"markdown prose dark:prose-invert w-full wrap-break-word light markdown-new-styling\">\n<p data-start=\"18\" data-end=\"537\" data-is-last-node=\"\" data-is-only-node=\"\">Der Philips B-Line Curved UltraWide Monitor (34&#8243;, WQHD 3440\u00d71440) bietet ein gro\u00dfes, gebogenes 21:9-Display f\u00fcr produktives Arbeiten mit mehreren Fenstern. Er liefert klare Bilder (VA-Panel, 178\u00b0 Blickwinkel) und unterst\u00fctzt AdaptiveSync f\u00fcr fl\u00fcssige Darstellung. Funktionen wie FlickerFree, LowBlue und EasyRead schonen die Augen. Zudem bietet er HDMI, DisplayPort, MultiView f\u00fcr zwei Ger\u00e4te, einen ergonomisch verstellbaren Standfu\u00df sowie PowerSensor und LightSensor f\u00fcr Energieeinsparung.<\/p>\n<\/div>\n<\/div>\n<\/div>\n<\/div>\n<div class=\"z-0 flex min-h-[46px] justify-start\"><\/div>\n<div class=\"mt-3 w-full empty:hidden\">\n<div class=\"text-center\"><\/div>\n<\/div>\n<\/div>\n<\/div>\n<\/article>\n<\/div>\n<div class=\"pointer-events-none h-px w-px absolute bottom-0\" aria-hidden=\"true\" data-edge=\"true\"><\/div>\n","protected":false},"excerpt":{"rendered":"<p>Der Philips B-Line Curved UltraWide Monitor (34&#8243;, WQHD 3440\u00d71440) bietet ein gro\u00dfes, gebogenes 21:9-Display f\u00fcr produktives Arbeiten mit mehreren Fenstern. Er liefert klare Bilder (VA-Panel, 178\u00b0 Blickwinkel) und unterst\u00fctzt AdaptiveSync f\u00fcr fl\u00fcssige Darstellung. Funktionen wie FlickerFree, LowBlue und EasyRead schonen die Augen. Zudem bietet er HDMI, DisplayPort, MultiView f\u00fcr zwei Ger\u00e4te, einen ergonomisch verstellbaren Standfu\u00df sowie PowerSensor und LightSensor f\u00fcr Energieeinsparung.<\/p>\n","protected":false},"featured_media":305,"template":"","meta":[],"product_cat":[58],"product_tag":[],"class_list":{"0":"post-304","1":"product","2":"type-product","3":"status-publish","4":"has-post-thumbnail","6":"product_cat-it-und-elektronik","8":"first","9":"instock","10":"taxable","11":"shipping-taxable","12":"purchasable","13":"product-type-simple"},"_links":{"self":[{"href":"https:\/\/actionmall.act.at\/shop\/1963\/wp-json\/wp\/v2\/product\/304"}],"collection":[{"href":"https:\/\/actionmall.act.at\/shop\/1963\/wp-json\/wp\/v2\/product"}],"about":[{"href":"https:\/\/actionmall.act.at\/shop\/1963\/wp-json\/wp\/v2\/types\/product"}],"wp:featuredmedia":[{"embeddable":true,"href":"https:\/\/actionmall.act.at\/shop\/1963\/wp-json\/wp\/v2\/media\/305"}],"wp:attachment":[{"href":"https:\/\/actionmall.act.at\/shop\/1963\/wp-json\/wp\/v2\/media?parent=304"}],"wp:term":[{"taxonomy":"product_cat","embeddable":true,"href":"https:\/\/actionmall.act.at\/shop\/1963\/wp-json\/wp\/v2\/product_cat?post=304"},{"taxonomy":"product_tag","embeddable":true,"href":"https:\/\/actionmall.act.at\/shop\/1963\/wp-json\/wp\/v2\/product_tag?post=304"}],"curies":[{"name":"wp","href":"https:\/\/api.w.org\/{rel}","templated":true}]}}