{"id":280,"date":"2024-11-27T15:06:21","date_gmt":"2024-11-27T14:06:21","guid":{"rendered":"https:\/\/actionmall.act.at\/shop\/1980\/?post_type=product&#038;p=280"},"modified":"2026-04-14T15:05:02","modified_gmt":"2026-04-14T13:05:02","slug":"kuerbiskernoel","status":"publish","type":"product","link":"https:\/\/actionmall.act.at\/shop\/1980\/en\/produkt\/kuerbiskernoel\/","title":{"rendered":"Softshelljacke"},"content":{"rendered":"<p>Nachhaltige Arbeitsjacke &#8211; Strapazierf\u00e4hig, Komfortabel &#038; Umweltbewusst<\/p>\n<p>Diese Arbeitsjacke kombiniert Funktionalit\u00e4t mit Nachhaltigkeit und bietet Ihnen zuverl\u00e4ssigen Sch\u00fctz bei jeder Witterung. hergestellt aus umweltfreundlichen Materialien, ist nicht nur langlebig, sondern auch ressourcenschonend.<\/p>\n","protected":false},"excerpt":{"rendered":"<p>Nachhaltige Arbeitsjacke &#8211; Strapazierf\u00e4hig, Komfortabel &#038; Umweltbewusst<\/p>\n","protected":false},"featured_media":312,"template":"","meta":[],"product_cat":[44],"product_tag":[],"class_list":{"0":"post-280","1":"product","2":"type-product","3":"status-publish","4":"has-post-thumbnail","6":"product_cat-essen-und-trinken","8":"first","9":"instock","10":"taxable","11":"shipping-taxable","12":"purchasable","13":"product-type-simple"},"_links":{"self":[{"href":"https:\/\/actionmall.act.at\/shop\/1980\/en\/wp-json\/wp\/v2\/product\/280"}],"collection":[{"href":"https:\/\/actionmall.act.at\/shop\/1980\/en\/wp-json\/wp\/v2\/product"}],"about":[{"href":"https:\/\/actionmall.act.at\/shop\/1980\/en\/wp-json\/wp\/v2\/types\/product"}],"wp:featuredmedia":[{"embeddable":true,"href":"https:\/\/actionmall.act.at\/shop\/1980\/en\/wp-json\/wp\/v2\/media\/312"}],"wp:attachment":[{"href":"https:\/\/actionmall.act.at\/shop\/1980\/en\/wp-json\/wp\/v2\/media?parent=280"}],"wp:term":[{"taxonomy":"product_cat","embeddable":true,"href":"https:\/\/actionmall.act.at\/shop\/1980\/en\/wp-json\/wp\/v2\/product_cat?post=280"},{"taxonomy":"product_tag","embeddable":true,"href":"https:\/\/actionmall.act.at\/shop\/1980\/en\/wp-json\/wp\/v2\/product_tag?post=280"}],"curies":[{"name":"wp","href":"https:\/\/api.w.org\/{rel}","templated":true}]}}