{"id":283,"date":"2024-11-27T15:12:36","date_gmt":"2024-11-27T14:12:36","guid":{"rendered":"https:\/\/actionmall.act.at\/shop\/1980\/?post_type=product&#038;p=283"},"modified":"2026-04-14T15:05:28","modified_gmt":"2026-04-14T13:05:28","slug":"ennstaler-steirerkaese","status":"publish","type":"product","link":"https:\/\/actionmall.act.at\/shop\/1980\/en\/produkt\/ennstaler-steirerkaese\/","title":{"rendered":"Arbeitshose kurz"},"content":{"rendered":"<p>Robust, Komfortabel &#038; Umweltfreundlich<\/p>\n<p>Unsere nachhaltige Arbeitshose ist die perfekte Wahl f\u00fcr Profis und Heimwerker, die Wert auf Qualit\u00e4t, Langlebligkeit und Umweltbewusstsein legen.<\/p>\n<p>Erh\u00e4ltich in einer kurzen und langen Version, bietet sie maximalen Tragekomfort und Funktionalit\u00e4t f\u00fcr jede Witterung und Arbeitsanforderung.<\/p>\n","protected":false},"excerpt":{"rendered":"<p>Arbeitshose kurz<\/p>\n<p>Robust, Komfortabel &#038; Umweltfreundlich<\/p>\n","protected":false},"featured_media":310,"template":"","meta":[],"product_cat":[44],"product_tag":[],"class_list":{"0":"post-283","1":"product","2":"type-product","3":"status-publish","4":"has-post-thumbnail","6":"product_cat-essen-und-trinken","8":"first","9":"instock","10":"taxable","11":"shipping-taxable","12":"purchasable","13":"product-type-simple"},"_links":{"self":[{"href":"https:\/\/actionmall.act.at\/shop\/1980\/en\/wp-json\/wp\/v2\/product\/283"}],"collection":[{"href":"https:\/\/actionmall.act.at\/shop\/1980\/en\/wp-json\/wp\/v2\/product"}],"about":[{"href":"https:\/\/actionmall.act.at\/shop\/1980\/en\/wp-json\/wp\/v2\/types\/product"}],"wp:featuredmedia":[{"embeddable":true,"href":"https:\/\/actionmall.act.at\/shop\/1980\/en\/wp-json\/wp\/v2\/media\/310"}],"wp:attachment":[{"href":"https:\/\/actionmall.act.at\/shop\/1980\/en\/wp-json\/wp\/v2\/media?parent=283"}],"wp:term":[{"taxonomy":"product_cat","embeddable":true,"href":"https:\/\/actionmall.act.at\/shop\/1980\/en\/wp-json\/wp\/v2\/product_cat?post=283"},{"taxonomy":"product_tag","embeddable":true,"href":"https:\/\/actionmall.act.at\/shop\/1980\/en\/wp-json\/wp\/v2\/product_tag?post=283"}],"curies":[{"name":"wp","href":"https:\/\/api.w.org\/{rel}","templated":true}]}}