{"id":314,"date":"2025-03-26T15:41:52","date_gmt":"2025-03-26T14:41:52","guid":{"rendered":"https:\/\/actionmall.act.at\/shop\/1980\/en\/?post_type=product&#038;p=314"},"modified":"2026-03-24T15:38:05","modified_gmt":"2026-03-24T14:38:05","slug":"apfelmost","status":"publish","type":"product","link":"https:\/\/actionmall.act.at\/shop\/1980\/en\/produkt\/apfelmost\/","title":{"rendered":"Kappe"},"content":{"rendered":"<p><img loading=\"lazy\" decoding=\"async\" class=\"alignnone size-medium wp-image-315\" src=\"https:\/\/actionmall.act.at\/shop\/1980\/wp-content\/uploads\/2025\/03\/Kappe-300x238.png\" alt=\"\" width=\"300\" height=\"238\" srcset=\"https:\/\/actionmall.act.at\/shop\/1980\/wp-content\/uploads\/2025\/03\/Kappe-300x238.png 300w, https:\/\/actionmall.act.at\/shop\/1980\/wp-content\/uploads\/2025\/03\/Kappe.png 409w\" sizes=\"(max-width: 300px) 100vw, 300px\" \/>Nachhaltige Kappe &#8211; Stilvoll, Funktional&#038; Umweltfreundlich<\/p>\n<p>&nbsp;<\/p>\n<p>Unsere Kappe kombiniert modernes Design mit praktischer Funktionalit\u00e4t und umweltfreundlichen Materialien. Sie sch\u00fctzt zuverl\u00e4ssig vor Sonne, wind und Regen und sorgt gleichzeitig f\u00fcr einen bequemen Sitz.<\/p>\n","protected":false},"excerpt":{"rendered":"<p>Nachhaltige Kappe &#8211; Stilvoll, Funktional&#038; Umweltfreundlich<\/p>\n","protected":false},"featured_media":315,"template":"","meta":[],"product_cat":[44],"product_tag":[],"class_list":{"0":"post-314","1":"product","2":"type-product","3":"status-publish","4":"has-post-thumbnail","6":"product_cat-essen-und-trinken","8":"first","9":"instock","10":"taxable","11":"shipping-taxable","12":"purchasable","13":"product-type-simple"},"_links":{"self":[{"href":"https:\/\/actionmall.act.at\/shop\/1980\/en\/wp-json\/wp\/v2\/product\/314"}],"collection":[{"href":"https:\/\/actionmall.act.at\/shop\/1980\/en\/wp-json\/wp\/v2\/product"}],"about":[{"href":"https:\/\/actionmall.act.at\/shop\/1980\/en\/wp-json\/wp\/v2\/types\/product"}],"wp:featuredmedia":[{"embeddable":true,"href":"https:\/\/actionmall.act.at\/shop\/1980\/en\/wp-json\/wp\/v2\/media\/315"}],"wp:attachment":[{"href":"https:\/\/actionmall.act.at\/shop\/1980\/en\/wp-json\/wp\/v2\/media?parent=314"}],"wp:term":[{"taxonomy":"product_cat","embeddable":true,"href":"https:\/\/actionmall.act.at\/shop\/1980\/en\/wp-json\/wp\/v2\/product_cat?post=314"},{"taxonomy":"product_tag","embeddable":true,"href":"https:\/\/actionmall.act.at\/shop\/1980\/en\/wp-json\/wp\/v2\/product_tag?post=314"}],"curies":[{"name":"wp","href":"https:\/\/api.w.org\/{rel}","templated":true}]}}