{"id":322,"date":"2025-04-02T14:57:23","date_gmt":"2025-04-02T12:57:23","guid":{"rendered":"https:\/\/actionmall.act.at\/shop\/1980\/en\/?post_type=product&#038;p=322"},"modified":"2026-03-24T15:11:06","modified_gmt":"2026-03-24T14:11:06","slug":"t-shirt-lang-unise","status":"publish","type":"product","link":"https:\/\/actionmall.act.at\/shop\/1980\/en\/produkt\/t-shirt-lang-unise\/","title":{"rendered":"Sweater  &#8211; unisex"},"content":{"rendered":"<article class=\"w-full text-token-text-primary\" dir=\"auto\" data-testid=\"conversation-turn-18\" data-scroll-anchor=\"true\">\n<div class=\"text-base my-auto mx-auto py-5 px-6\">\n<div class=\"mx-auto flex flex-1 text-base gap-4 md:gap-5 lg:gap-6 md:max-w-3xl group\/turn-messages focus-visible:outline-none\">\n<div class=\"group\/conversation-turn relative flex w-full min-w-0 flex-col agent-turn @xs\/thread:px-0 @sm\/thread:px-1.5 @md\/thread:px-4\">\n<div class=\"relative flex-col gap-1 md:gap-3\">\n<div class=\"flex max-w-full flex-col flex-grow\">\n<div class=\"min-h-8 text-message relative flex w-full flex-col items-end gap-2 whitespace-normal break-words text-start [.text-message+&#038;]:mt-5\" dir=\"auto\" data-message-author-role=\"assistant\" data-message-id=\"0ee8195b-0477-47cb-af5e-5193d8672083\" data-message-model-slug=\"gpt-4o-mini\">\n<div class=\"flex w-full flex-col gap-1 empty:hidden first:pt-[3px]\">\n<div class=\"markdown prose w-full break-words dark:prose-invert light\">\n<p class=\"\" data-start=\"0\" data-end=\"512\">Dieser nachhaltige Sweater aus 100 % Bio-Baumwolle ist der ideale Begleiter f\u00fcr k\u00fchlere Tage. Er bietet nicht nur au\u00dfergew\u00f6hnlichen Tragekomfort, sondern auch eine umweltfreundliche L\u00f6sung dank seiner \u00f6kologischen Produktion. Der weiche Stoff sorgt f\u00fcr W\u00e4rme und Wohlgef\u00fchl, w\u00e4hrend das schlichte Design in Kombination mit der nachhaltigen Herstellung deinen \u00f6kologischen Fu\u00dfabdruck minimiert. Perfekt f\u00fcr einen entspannten Look und ideal f\u00fcr alle, die auf Stil und Umweltbewusstsein setzen. Ein echter Klassiker f\u00fcr jede Garderobe!<\/p>\n<\/div>\n<\/div>\n<\/div>\n<\/div>\n<div class=\"flex justify-start\">\n<div class=\"-me-1 -ms-2.5 flex select-none items-center p-1 touch:-me-2 touch:-ms-3.5 -mt-1 duration-[1.5s] focus-within:transition-none hover:transition-none pointer-events-none [mask-image:linear-gradient(to_right,black_33%,transparent_66%)] [mask-position:100%_0%] [mask-size:300%_100%] motion-safe:transition-[mask-position] group-hover\/turn-messages:pointer-events-auto group-hover\/turn-messages:[mask-position:0_0] group-focus-within\/turn-messages:pointer-events-auto group-focus-within\/turn-messages:[mask-position:0_0] has-[[data-state=open]]:pointer-events-auto has-[[data-state=open]]:[mask-position:0_0]\"><\/div>\n<\/div>\n<\/div>\n<\/div>\n<\/div>\n<\/div>\n<\/article>\n<div class=\"pointer-events-none h-px w-px\" aria-hidden=\"true\" data-edge=\"true\"><\/div>\n","protected":false},"excerpt":{"rendered":"<p>Unser nachhaltiger Sweater vereint Komfort, Stil und Umweltbewusstsein. Er besteht aus 100% Bio-Baumwolle, die ohne den Einsatz von sch\u00e4dlichen Chemikalien und Pestiziden angebaut wird. So schonen wir nicht nur die Umwelt, sondern auch deine Haut.<\/p>\n","protected":false},"featured_media":324,"template":"","meta":[],"product_cat":[44],"product_tag":[],"class_list":{"0":"post-322","1":"product","2":"type-product","3":"status-publish","4":"has-post-thumbnail","6":"product_cat-essen-und-trinken","8":"first","9":"instock","10":"taxable","11":"shipping-taxable","12":"purchasable","13":"product-type-simple"},"_links":{"self":[{"href":"https:\/\/actionmall.act.at\/shop\/1980\/en\/wp-json\/wp\/v2\/product\/322"}],"collection":[{"href":"https:\/\/actionmall.act.at\/shop\/1980\/en\/wp-json\/wp\/v2\/product"}],"about":[{"href":"https:\/\/actionmall.act.at\/shop\/1980\/en\/wp-json\/wp\/v2\/types\/product"}],"wp:featuredmedia":[{"embeddable":true,"href":"https:\/\/actionmall.act.at\/shop\/1980\/en\/wp-json\/wp\/v2\/media\/324"}],"wp:attachment":[{"href":"https:\/\/actionmall.act.at\/shop\/1980\/en\/wp-json\/wp\/v2\/media?parent=322"}],"wp:term":[{"taxonomy":"product_cat","embeddable":true,"href":"https:\/\/actionmall.act.at\/shop\/1980\/en\/wp-json\/wp\/v2\/product_cat?post=322"},{"taxonomy":"product_tag","embeddable":true,"href":"https:\/\/actionmall.act.at\/shop\/1980\/en\/wp-json\/wp\/v2\/product_tag?post=322"}],"curies":[{"name":"wp","href":"https:\/\/api.w.org\/{rel}","templated":true}]}}