{"id":326,"date":"2025-04-02T15:02:47","date_gmt":"2025-04-02T13:02:47","guid":{"rendered":"https:\/\/actionmall.act.at\/shop\/1980\/en\/?post_type=product&#038;p=326"},"modified":"2026-04-28T14:31:55","modified_gmt":"2026-04-28T12:31:55","slug":"bergkaese","status":"publish","type":"product","link":"https:\/\/actionmall.act.at\/shop\/1980\/en\/produkt\/bergkaese\/","title":{"rendered":"Sicherheitsschuhe"},"content":{"rendered":"<p class=\"\" data-start=\"0\" data-end=\"52\"><strong data-start=\"0\" data-end=\"52\">Sicherheitsschuhe \u2013 Schutz, Komfort und Qualit\u00e4t<\/strong><\/p>\n<p class=\"\" data-start=\"54\" data-end=\"375\">Unsere Sicherheitsschuhe bieten dir den besten Schutz f\u00fcr deine F\u00fc\u00dfe, ohne dabei auf Komfort und Design zu verzichten. Ob auf der Baustelle, in der Werkstatt oder im Lager \u2013 mit unseren hochwertigen Sicherheitsschuhen kannst du dich voll und ganz auf deine Arbeit konzentrieren, w\u00e4hrend deine F\u00fc\u00dfe bestens gesch\u00fctzt sind.<\/p>\n<p class=\"\" data-start=\"377\" data-end=\"395\"><strong data-start=\"377\" data-end=\"395\">Eigenschaften:<\/strong><\/p>\n<ul data-start=\"396\" data-end=\"1053\">\n<li class=\"\" data-start=\"396\" data-end=\"541\">\n<p class=\"\" data-start=\"398\" data-end=\"541\"><strong data-start=\"398\" data-end=\"415\">Obermaterial:<\/strong> Robustes, wasserabweisendes Leder oder strapazierf\u00e4hige Textilfasern f\u00fcr lange Haltbarkeit und Schutz vor \u00e4u\u00dferen Einfl\u00fcssen.<\/p>\n<\/li>\n<li class=\"\" data-start=\"542\" data-end=\"665\">\n<p class=\"\" data-start=\"544\" data-end=\"665\"><strong data-start=\"544\" data-end=\"554\">Sohle:<\/strong> Rutschfeste Gummisohle mit sto\u00dfd\u00e4mpfender Wirkung, die f\u00fcr sicheren Halt auf verschiedenen Oberfl\u00e4chen sorgt.<\/p>\n<\/li>\n<li class=\"\" data-start=\"666\" data-end=\"781\">\n<p class=\"\" data-start=\"668\" data-end=\"781\"><strong data-start=\"668\" data-end=\"689\">Sicherheitskappe:<\/strong> Aus Stahl oder Kompositmaterial, sch\u00fctzt deine Zehen vor schweren Gegenst\u00e4nden oder St\u00f6\u00dfen.<\/p>\n<\/li>\n<li class=\"\" data-start=\"782\" data-end=\"933\">\n<p class=\"\" data-start=\"784\" data-end=\"933\"><strong data-start=\"784\" data-end=\"796\">Komfort:<\/strong> Gepolsterte Innensohle f\u00fcr optimalen Tragekomfort auch bei langen Arbeitsstunden. Atmungsaktive Materialien verhindern schwitzende F\u00fc\u00dfe.<\/p>\n<\/li>\n<li class=\"\" data-start=\"934\" data-end=\"1053\">\n<p class=\"\" data-start=\"936\" data-end=\"1053\"><strong data-start=\"936\" data-end=\"957\">Zertifizierungen:<\/strong> Erf\u00fcllt alle relevanten Sicherheitsnormen (z. B. EN ISO 20345) f\u00fcr h\u00f6chste Schutzanforderungen.<\/p>\n<\/li>\n<\/ul>\n","protected":false},"excerpt":{"rendered":"<p class=\"\" data-start=\"0\" data-end=\"57\"><strong data-start=\"0\" data-end=\"57\">Sicherheitsschuhe \u2013 Schutz und Komfort f\u00fcr Ihre F\u00fc\u00dfe<img loading=\"lazy\" decoding=\"async\" class=\"alignnone size-full wp-image-327\" src=\"https:\/\/actionmall.act.at\/shop\/1980\/wp-content\/uploads\/2025\/04\/Sicherheitsschuhe.jpg\" alt=\"\" width=\"175\" height=\"194\" \/><br \/>\n<\/strong><\/p>\n<p class=\"\" data-start=\"59\" data-end=\"388\">Unsere Sicherheitsschuhe bieten optimalen Schutz vor St\u00f6\u00dfen, scharfen Kanten und herabfallenden Objekten. Sie verf\u00fcgen \u00fcber eine stabile, rutschfeste Sohle, eine sto\u00dfd\u00e4mpfende Innensohle und eine Sicherheitskappe aus Stahl oder Komposit. Der atmungsaktive Aufbau sorgt f\u00fcr angenehmen Tragekomfort, auch bei langen Arbeitsstunden.<\/p>\n","protected":false},"featured_media":339,"template":"","meta":[],"product_cat":[44],"product_tag":[],"class_list":{"0":"post-326","1":"product","2":"type-product","3":"status-publish","4":"has-post-thumbnail","6":"product_cat-essen-und-trinken","8":"first","9":"instock","10":"taxable","11":"shipping-taxable","12":"purchasable","13":"product-type-simple"},"_links":{"self":[{"href":"https:\/\/actionmall.act.at\/shop\/1980\/en\/wp-json\/wp\/v2\/product\/326"}],"collection":[{"href":"https:\/\/actionmall.act.at\/shop\/1980\/en\/wp-json\/wp\/v2\/product"}],"about":[{"href":"https:\/\/actionmall.act.at\/shop\/1980\/en\/wp-json\/wp\/v2\/types\/product"}],"wp:featuredmedia":[{"embeddable":true,"href":"https:\/\/actionmall.act.at\/shop\/1980\/en\/wp-json\/wp\/v2\/media\/339"}],"wp:attachment":[{"href":"https:\/\/actionmall.act.at\/shop\/1980\/en\/wp-json\/wp\/v2\/media?parent=326"}],"wp:term":[{"taxonomy":"product_cat","embeddable":true,"href":"https:\/\/actionmall.act.at\/shop\/1980\/en\/wp-json\/wp\/v2\/product_cat?post=326"},{"taxonomy":"product_tag","embeddable":true,"href":"https:\/\/actionmall.act.at\/shop\/1980\/en\/wp-json\/wp\/v2\/product_tag?post=326"}],"curies":[{"name":"wp","href":"https:\/\/api.w.org\/{rel}","templated":true}]}}