{"id":331,"date":"2025-04-02T15:10:43","date_gmt":"2025-04-02T13:10:43","guid":{"rendered":"https:\/\/actionmall.act.at\/shop\/1980\/en\/?post_type=product&#038;p=331"},"modified":"2026-03-24T15:11:48","modified_gmt":"2026-03-24T14:11:48","slug":"wildsalami","status":"publish","type":"product","link":"https:\/\/actionmall.act.at\/shop\/1980\/en\/produkt\/wildsalami\/","title":{"rendered":"Arbeitshandschuhe"},"content":{"rendered":"<p class=\"\" data-start=\"0\" data-end=\"58\"><strong data-start=\"0\" data-end=\"58\">Arbeitshandschuhe \u2013 Schutz und Komfort f\u00fcr deine H\u00e4nde<\/strong><\/p>\n<p class=\"\" data-start=\"60\" data-end=\"234\">Unsere Arbeitshandschuhe bieten optimalen Schutz bei jeder Aufgabe. Sie sind robust, bequem und sch\u00fctzen deine H\u00e4nde vor Abrieb, Schnittverletzungen und extremen Bedingungen.<\/p>\n<p class=\"\" data-start=\"236\" data-end=\"254\"><strong data-start=\"236\" data-end=\"254\">Eigenschaften:<\/strong><\/p>\n<ul data-start=\"255\" data-end=\"636\">\n<li class=\"\" data-start=\"255\" data-end=\"351\">\n<p class=\"\" data-start=\"257\" data-end=\"351\"><strong data-start=\"257\" data-end=\"270\">Material:<\/strong> Robustes Leder, Textil oder High-Tech-Materialien f\u00fcr hohe Widerstandsf\u00e4higkeit.<\/p>\n<\/li>\n<li class=\"\" data-start=\"352\" data-end=\"465\">\n<p class=\"\" data-start=\"354\" data-end=\"465\"><strong data-start=\"354\" data-end=\"365\">Schutz:<\/strong> Verst\u00e4rkungen an den Handfl\u00e4chen und Fingern f\u00fcr besseren Grip und Schutz vor Schnitten und St\u00f6\u00dfen.<\/p>\n<\/li>\n<li class=\"\" data-start=\"466\" data-end=\"552\">\n<p class=\"\" data-start=\"468\" data-end=\"552\"><strong data-start=\"468\" data-end=\"480\">Komfort:<\/strong> Ergonomisches Design und atmungsaktive Eins\u00e4tze f\u00fcr hohen Tragekomfort.<\/p>\n<\/li>\n<li class=\"\" data-start=\"553\" data-end=\"636\">\n<p class=\"\" data-start=\"555\" data-end=\"636\"><strong data-start=\"555\" data-end=\"570\">Vielseitig:<\/strong> Ideal f\u00fcr Bauarbeiten, Gartenarbeit, Maschinenbedienung und mehr<\/p>\n<\/li>\n<\/ul>\n","protected":false},"excerpt":{"rendered":"<p class=\"\" data-start=\"0\" data-end=\"51\"><strong data-start=\"0\" data-end=\"51\">Arbeitshandschuhe \u2013 Robuster Schutz und Komfort<\/strong><\/p>\n<p class=\"\" data-start=\"53\" data-end=\"272\">Unsere Arbeitshandschuhe bieten hohen Schutz vor Abrieb, Schnitten und St\u00f6\u00dfen. Sie bestehen aus robusten Materialien wie Leder oder Textil, bieten guten Grip und haben ein ergonomisches Design f\u00fcr bequemen Tragekomfort.<img loading=\"lazy\" decoding=\"async\" class=\"alignnone size-medium wp-image-332\" src=\"https:\/\/actionmall.act.at\/shop\/1980\/wp-content\/uploads\/2025\/04\/atg-schnittschutzhandschuhe-maxicut-ultra-44-3745hct-957232-1000x1000-p-300x300.jpg\" alt=\"\" width=\"300\" height=\"300\" srcset=\"https:\/\/actionmall.act.at\/shop\/1980\/wp-content\/uploads\/2025\/04\/atg-schnittschutzhandschuhe-maxicut-ultra-44-3745hct-957232-1000x1000-p-300x300.jpg 300w, https:\/\/actionmall.act.at\/shop\/1980\/wp-content\/uploads\/2025\/04\/atg-schnittschutzhandschuhe-maxicut-ultra-44-3745hct-957232-1000x1000-p-150x150.jpg 150w, https:\/\/actionmall.act.at\/shop\/1980\/wp-content\/uploads\/2025\/04\/atg-schnittschutzhandschuhe-maxicut-ultra-44-3745hct-957232-1000x1000-p-768x768.jpg 768w, https:\/\/actionmall.act.at\/shop\/1980\/wp-content\/uploads\/2025\/04\/atg-schnittschutzhandschuhe-maxicut-ultra-44-3745hct-957232-1000x1000-p-324x324.jpg 324w, https:\/\/actionmall.act.at\/shop\/1980\/wp-content\/uploads\/2025\/04\/atg-schnittschutzhandschuhe-maxicut-ultra-44-3745hct-957232-1000x1000-p-416x416.jpg 416w, https:\/\/actionmall.act.at\/shop\/1980\/wp-content\/uploads\/2025\/04\/atg-schnittschutzhandschuhe-maxicut-ultra-44-3745hct-957232-1000x1000-p-100x100.jpg 100w, https:\/\/actionmall.act.at\/shop\/1980\/wp-content\/uploads\/2025\/04\/atg-schnittschutzhandschuhe-maxicut-ultra-44-3745hct-957232-1000x1000-p.jpg 1000w\" sizes=\"(max-width: 300px) 100vw, 300px\" \/><\/p>\n","protected":false},"featured_media":336,"template":"","meta":[],"product_cat":[44],"product_tag":[],"class_list":{"0":"post-331","1":"product","2":"type-product","3":"status-publish","4":"has-post-thumbnail","6":"product_cat-essen-und-trinken","8":"first","9":"instock","10":"taxable","11":"shipping-taxable","12":"purchasable","13":"product-type-simple"},"_links":{"self":[{"href":"https:\/\/actionmall.act.at\/shop\/1980\/en\/wp-json\/wp\/v2\/product\/331"}],"collection":[{"href":"https:\/\/actionmall.act.at\/shop\/1980\/en\/wp-json\/wp\/v2\/product"}],"about":[{"href":"https:\/\/actionmall.act.at\/shop\/1980\/en\/wp-json\/wp\/v2\/types\/product"}],"wp:featuredmedia":[{"embeddable":true,"href":"https:\/\/actionmall.act.at\/shop\/1980\/en\/wp-json\/wp\/v2\/media\/336"}],"wp:attachment":[{"href":"https:\/\/actionmall.act.at\/shop\/1980\/en\/wp-json\/wp\/v2\/media?parent=331"}],"wp:term":[{"taxonomy":"product_cat","embeddable":true,"href":"https:\/\/actionmall.act.at\/shop\/1980\/en\/wp-json\/wp\/v2\/product_cat?post=331"},{"taxonomy":"product_tag","embeddable":true,"href":"https:\/\/actionmall.act.at\/shop\/1980\/en\/wp-json\/wp\/v2\/product_tag?post=331"}],"curies":[{"name":"wp","href":"https:\/\/api.w.org\/{rel}","templated":true}]}}