{"id":384,"date":"2026-04-28T14:57:58","date_gmt":"2026-04-28T12:57:58","guid":{"rendered":"https:\/\/actionmall.act.at\/shop\/1980\/?post_type=product&#038;p=384"},"modified":"2026-04-28T14:57:58","modified_gmt":"2026-04-28T12:57:58","slug":"geschenksbox-herzensjause","status":"publish","type":"product","link":"https:\/\/actionmall.act.at\/shop\/1980\/en\/produkt\/geschenksbox-herzensjause\/","title":{"rendered":"Geschenksbox &#8220;Herzensjause&#8221;"},"content":{"rendered":"<p>F\u00dcR ALLE, DIE HERZHAFTE SPEZIALIT\u00c4TEN<br \/>\nL I EBEN:<br \/>\nREGIONALER BERGK\u00c4SE \ud83e\uddc0<br \/>\nHAUSGEMACHTER SPECK ODER<br \/>\nROHSCHINKEN<br \/>\nGER\u00c4UCHERTE WURSTWAREN<br \/>\nFRISCHES BAUERNBROT ODER GEB\u00c4CK<br \/>\nKR\u00c4UTERAUFSTRICH<\/p>\n","protected":false},"excerpt":{"rendered":"<p>F\u00dcR ALLE, DIE HERZHAFTE SPEZIALIT\u00c4TEN L I EBEN: REGIONALER BERGK\u00c4SE \ud83e\uddc0 HAUSGEMACHTER SPECK ODER ROHSCHINKEN GER\u00c4UCHERTE WURSTWAREN FRISCHES BAUERNBROT ODER GEB\u00c4CK KR\u00c4UTERAUFSTRICH<\/p>\n","protected":false},"featured_media":385,"template":"","meta":[],"product_cat":[44],"product_tag":[],"class_list":{"0":"post-384","1":"product","2":"type-product","3":"status-publish","4":"has-post-thumbnail","6":"product_cat-essen-und-trinken","8":"first","9":"instock","10":"taxable","11":"shipping-taxable","12":"purchasable","13":"product-type-simple"},"_links":{"self":[{"href":"https:\/\/actionmall.act.at\/shop\/1980\/en\/wp-json\/wp\/v2\/product\/384"}],"collection":[{"href":"https:\/\/actionmall.act.at\/shop\/1980\/en\/wp-json\/wp\/v2\/product"}],"about":[{"href":"https:\/\/actionmall.act.at\/shop\/1980\/en\/wp-json\/wp\/v2\/types\/product"}],"wp:featuredmedia":[{"embeddable":true,"href":"https:\/\/actionmall.act.at\/shop\/1980\/en\/wp-json\/wp\/v2\/media\/385"}],"wp:attachment":[{"href":"https:\/\/actionmall.act.at\/shop\/1980\/en\/wp-json\/wp\/v2\/media?parent=384"}],"wp:term":[{"taxonomy":"product_cat","embeddable":true,"href":"https:\/\/actionmall.act.at\/shop\/1980\/en\/wp-json\/wp\/v2\/product_cat?post=384"},{"taxonomy":"product_tag","embeddable":true,"href":"https:\/\/actionmall.act.at\/shop\/1980\/en\/wp-json\/wp\/v2\/product_tag?post=384"}],"curies":[{"name":"wp","href":"https:\/\/api.w.org\/{rel}","templated":true}]}}