{"id":386,"date":"2026-04-28T15:00:58","date_gmt":"2026-04-28T13:00:58","guid":{"rendered":"https:\/\/actionmall.act.at\/shop\/1980\/?post_type=product&#038;p=386"},"modified":"2026-04-28T15:00:58","modified_gmt":"2026-04-28T13:00:58","slug":"geschenksbox-kuechenglueck","status":"publish","type":"product","link":"https:\/\/actionmall.act.at\/shop\/1980\/en\/produkt\/geschenksbox-kuechenglueck\/","title":{"rendered":"Geschenksbox &#8220;K\u00fcchengl\u00fcck&#8221;"},"content":{"rendered":"<p>EIN MUSS F\u00dcR ALLE FEINSCHMECKERINNEN UND<br \/>\nHOBBYK\u00d6CHINNEN:<br \/>\nSTEIRISCHES K\u00dcRBISKERN\u00d6L<br \/>\nAPFELESSIG ODER FRUCHTESSIG<br \/>\nREGIONALE NUDELN ODER DINKELPRODUKTE<br \/>\nGEW\u00dcRZMISCHUNGEN AUS HEIMISCHEN<br \/>\nKR\u00c4UTERN<\/p>\n","protected":false},"excerpt":{"rendered":"<p>EIN MUSS F\u00dcR ALLE FEINSCHMECKERINNEN UND HOBBYK\u00d6CHINNEN: STEIRISCHES K\u00dcRBISKERN\u00d6L APFELESSIG ODER FRUCHTESSIG REGIONALE NUDELN ODER DINKELPRODUKTE GEW\u00dcRZMISCHUNGEN AUS HEIMISCHEN KR\u00c4UTERN<\/p>\n","protected":false},"featured_media":388,"template":"","meta":[],"product_cat":[44],"product_tag":[],"class_list":{"0":"post-386","1":"product","2":"type-product","3":"status-publish","4":"has-post-thumbnail","6":"product_cat-essen-und-trinken","8":"first","9":"instock","10":"taxable","11":"shipping-taxable","12":"purchasable","13":"product-type-simple"},"_links":{"self":[{"href":"https:\/\/actionmall.act.at\/shop\/1980\/en\/wp-json\/wp\/v2\/product\/386"}],"collection":[{"href":"https:\/\/actionmall.act.at\/shop\/1980\/en\/wp-json\/wp\/v2\/product"}],"about":[{"href":"https:\/\/actionmall.act.at\/shop\/1980\/en\/wp-json\/wp\/v2\/types\/product"}],"wp:featuredmedia":[{"embeddable":true,"href":"https:\/\/actionmall.act.at\/shop\/1980\/en\/wp-json\/wp\/v2\/media\/388"}],"wp:attachment":[{"href":"https:\/\/actionmall.act.at\/shop\/1980\/en\/wp-json\/wp\/v2\/media?parent=386"}],"wp:term":[{"taxonomy":"product_cat","embeddable":true,"href":"https:\/\/actionmall.act.at\/shop\/1980\/en\/wp-json\/wp\/v2\/product_cat?post=386"},{"taxonomy":"product_tag","embeddable":true,"href":"https:\/\/actionmall.act.at\/shop\/1980\/en\/wp-json\/wp\/v2\/product_tag?post=386"}],"curies":[{"name":"wp","href":"https:\/\/api.w.org\/{rel}","templated":true}]}}