{"id":280,"date":"2024-11-27T15:06:21","date_gmt":"2024-11-27T14:06:21","guid":{"rendered":"https:\/\/actionmall.act.at\/shop\/1980\/?post_type=product&#038;p=280"},"modified":"2026-04-14T15:05:02","modified_gmt":"2026-04-14T13:05:02","slug":"kuerbiskernoel","status":"publish","type":"product","link":"https:\/\/actionmall.act.at\/shop\/1980\/produkt\/kuerbiskernoel\/","title":{"rendered":"K\u00fcrbiskern\u00f6l"},"content":{"rendered":"<p>Unser K\u00fcrbiskern\u00f6l (1,0l) wird aus hochwertigen, handverlesenen K\u00fcrbiskernen aus der Region gewonnen. In schonender Kaltpressung entsteht ein \u00d6l mit intensiver, nussiger Note und einer tiefgr\u00fcnen Farbe. Es ist reich an wertvollen N\u00e4hrstoffen und eignet sich hervorragend f\u00fcr Salate, zum Verfeinern von Suppen oder auch zum puren Genie\u00dfen. Unser K\u00fcrbiskern\u00f6l bringt nicht nur einen einzigartigen Geschmack, sondern auch die Kraft der Natur auf Ihren Teller.<\/p>\n","protected":false},"excerpt":{"rendered":"<p>Steirisches K\u00fcrbiskern\u00f6l<\/p>\n<p>Der fl\u00fcssige Goldschatz f\u00fcr deine K\u00fcche !<\/p>\n","protected":false},"featured_media":281,"template":"","meta":[],"product_cat":[44],"product_tag":[],"class_list":{"0":"post-280","1":"product","2":"type-product","3":"status-publish","4":"has-post-thumbnail","6":"product_cat-essen-und-trinken","8":"first","9":"instock","10":"taxable","11":"shipping-taxable","12":"purchasable","13":"product-type-simple"},"_links":{"self":[{"href":"https:\/\/actionmall.act.at\/shop\/1980\/wp-json\/wp\/v2\/product\/280"}],"collection":[{"href":"https:\/\/actionmall.act.at\/shop\/1980\/wp-json\/wp\/v2\/product"}],"about":[{"href":"https:\/\/actionmall.act.at\/shop\/1980\/wp-json\/wp\/v2\/types\/product"}],"wp:featuredmedia":[{"embeddable":true,"href":"https:\/\/actionmall.act.at\/shop\/1980\/wp-json\/wp\/v2\/media\/281"}],"wp:attachment":[{"href":"https:\/\/actionmall.act.at\/shop\/1980\/wp-json\/wp\/v2\/media?parent=280"}],"wp:term":[{"taxonomy":"product_cat","embeddable":true,"href":"https:\/\/actionmall.act.at\/shop\/1980\/wp-json\/wp\/v2\/product_cat?post=280"},{"taxonomy":"product_tag","embeddable":true,"href":"https:\/\/actionmall.act.at\/shop\/1980\/wp-json\/wp\/v2\/product_tag?post=280"}],"curies":[{"name":"wp","href":"https:\/\/api.w.org\/{rel}","templated":true}]}}