{"id":283,"date":"2024-11-27T15:12:36","date_gmt":"2024-11-27T14:12:36","guid":{"rendered":"https:\/\/actionmall.act.at\/shop\/1980\/?post_type=product&#038;p=283"},"modified":"2026-04-14T15:05:28","modified_gmt":"2026-04-14T13:05:28","slug":"ennstaler-steirerkaese","status":"publish","type":"product","link":"https:\/\/actionmall.act.at\/shop\/1980\/produkt\/ennstaler-steirerkaese\/","title":{"rendered":"Ennstaler Steirerk\u00e4se"},"content":{"rendered":"<p>Unser Ennstaler Steirerk\u00e4se (250g)\u00a0 ist ein traditioneller, handgemachter K\u00e4se aus der Steiermark, der f\u00fcr seinen vollmundigen, w\u00fcrzigen Geschmack bekannt ist. Mit viel Liebe und nach bew\u00e4hrter Rezeptur hergestellt, reift der K\u00e4se in den k\u00fchlen Bergw\u00e4ldern der Region, was ihm seine besondere, feine Struktur verleiht. Der Ennstaler Steirerk\u00e4se eignet sich perfekt zum Genie\u00dfen auf Brot, in Salaten oder auch als zart schmelzender Begleiter in warmen Gerichten. Ein St\u00fcck steirische K\u00e4setradition in jeder Scheibe!<\/p>\n","protected":false},"excerpt":{"rendered":"<p>Ein st\u00fcck steirischer Alpen in jedem Bissen!<\/p>\n","protected":false},"featured_media":284,"template":"","meta":[],"product_cat":[44],"product_tag":[],"class_list":{"0":"post-283","1":"product","2":"type-product","3":"status-publish","4":"has-post-thumbnail","6":"product_cat-essen-und-trinken","8":"first","9":"instock","10":"taxable","11":"shipping-taxable","12":"purchasable","13":"product-type-simple"},"_links":{"self":[{"href":"https:\/\/actionmall.act.at\/shop\/1980\/wp-json\/wp\/v2\/product\/283"}],"collection":[{"href":"https:\/\/actionmall.act.at\/shop\/1980\/wp-json\/wp\/v2\/product"}],"about":[{"href":"https:\/\/actionmall.act.at\/shop\/1980\/wp-json\/wp\/v2\/types\/product"}],"wp:featuredmedia":[{"embeddable":true,"href":"https:\/\/actionmall.act.at\/shop\/1980\/wp-json\/wp\/v2\/media\/284"}],"wp:attachment":[{"href":"https:\/\/actionmall.act.at\/shop\/1980\/wp-json\/wp\/v2\/media?parent=283"}],"wp:term":[{"taxonomy":"product_cat","embeddable":true,"href":"https:\/\/actionmall.act.at\/shop\/1980\/wp-json\/wp\/v2\/product_cat?post=283"},{"taxonomy":"product_tag","embeddable":true,"href":"https:\/\/actionmall.act.at\/shop\/1980\/wp-json\/wp\/v2\/product_tag?post=283"}],"curies":[{"name":"wp","href":"https:\/\/api.w.org\/{rel}","templated":true}]}}