{"id":322,"date":"2025-04-02T14:57:23","date_gmt":"2025-04-02T12:57:23","guid":{"rendered":"https:\/\/actionmall.act.at\/shop\/1980\/en\/?post_type=product&#038;p=322"},"modified":"2026-03-24T15:11:06","modified_gmt":"2026-03-24T14:11:06","slug":"t-shirt-lang-unise","status":"publish","type":"product","link":"https:\/\/actionmall.act.at\/shop\/1980\/produkt\/t-shirt-lang-unise\/","title":{"rendered":"Freilandeier"},"content":{"rendered":"<p>H\u00f6chste Qualit\u00e4t f\u00fcr Ihr Protein!<\/p>\n","protected":false},"excerpt":{"rendered":"<p>H\u00f6chste Qualit\u00e4t f\u00fcr Ihr Protein!<\/p>\n","protected":false},"featured_media":341,"template":"","meta":[],"product_cat":[44],"product_tag":[],"class_list":{"0":"post-322","1":"product","2":"type-product","3":"status-publish","4":"has-post-thumbnail","6":"product_cat-essen-und-trinken","8":"first","9":"instock","10":"taxable","11":"shipping-taxable","12":"purchasable","13":"product-type-simple"},"_links":{"self":[{"href":"https:\/\/actionmall.act.at\/shop\/1980\/wp-json\/wp\/v2\/product\/322"}],"collection":[{"href":"https:\/\/actionmall.act.at\/shop\/1980\/wp-json\/wp\/v2\/product"}],"about":[{"href":"https:\/\/actionmall.act.at\/shop\/1980\/wp-json\/wp\/v2\/types\/product"}],"wp:featuredmedia":[{"embeddable":true,"href":"https:\/\/actionmall.act.at\/shop\/1980\/wp-json\/wp\/v2\/media\/341"}],"wp:attachment":[{"href":"https:\/\/actionmall.act.at\/shop\/1980\/wp-json\/wp\/v2\/media?parent=322"}],"wp:term":[{"taxonomy":"product_cat","embeddable":true,"href":"https:\/\/actionmall.act.at\/shop\/1980\/wp-json\/wp\/v2\/product_cat?post=322"},{"taxonomy":"product_tag","embeddable":true,"href":"https:\/\/actionmall.act.at\/shop\/1980\/wp-json\/wp\/v2\/product_tag?post=322"}],"curies":[{"name":"wp","href":"https:\/\/api.w.org\/{rel}","templated":true}]}}