{"id":389,"date":"2026-04-28T15:03:19","date_gmt":"2026-04-28T13:03:19","guid":{"rendered":"https:\/\/actionmall.act.at\/shop\/1980\/?post_type=product&#038;p=389"},"modified":"2026-04-28T15:03:19","modified_gmt":"2026-04-28T13:03:19","slug":"geschenksbox-suesse-umarmung","status":"publish","type":"product","link":"https:\/\/actionmall.act.at\/shop\/1980\/produkt\/geschenksbox-suesse-umarmung\/","title":{"rendered":"Geschenksbox &#8222;S\u00fc\u00dfe Umarmung&#8220;"},"content":{"rendered":"<p>F\u00dcR ALLE, DIE ES S\u00dcSS M\u00d6GEN \u2013 MIT LIEBEVOLLEN<br \/>\nMUTTERTAGSDETAILS:<br \/>\nMARZIPANROSEN \ud83c\udf38<br \/>\nHANDGEMACHTE KEKSE ODER BUTTERGEB\u00c4CK<br \/>\nREGIONALE SCHOKOLADE ODER PRALINEN<br \/>\nHONIG ODER FRUCHTSIRUP (Z. B. HOLUNDER)<br \/>\nKUCHEN IM GLAS ODER MINI-GUGELHUPF<\/p>\n","protected":false},"excerpt":{"rendered":"<p>F\u00dcR ALLE, DIE ES S\u00dcSS M\u00d6GEN \u2013 MIT LIEBEVOLLEN MUTTERTAGSDETAILS: MARZIPANROSEN \ud83c\udf38 HANDGEMACHTE KEKSE ODER BUTTERGEB\u00c4CK REGIONALE SCHOKOLADE ODER PRALINEN HONIG ODER FRUCHTSIRUP (Z. B. HOLUNDER) KUCHEN IM GLAS ODER MINI-GUGELHUPF<\/p>\n","protected":false},"featured_media":387,"template":"","meta":[],"product_cat":[44],"product_tag":[],"class_list":{"0":"post-389","1":"product","2":"type-product","3":"status-publish","4":"has-post-thumbnail","6":"product_cat-essen-und-trinken","8":"first","9":"instock","10":"taxable","11":"shipping-taxable","12":"purchasable","13":"product-type-simple"},"_links":{"self":[{"href":"https:\/\/actionmall.act.at\/shop\/1980\/wp-json\/wp\/v2\/product\/389"}],"collection":[{"href":"https:\/\/actionmall.act.at\/shop\/1980\/wp-json\/wp\/v2\/product"}],"about":[{"href":"https:\/\/actionmall.act.at\/shop\/1980\/wp-json\/wp\/v2\/types\/product"}],"wp:featuredmedia":[{"embeddable":true,"href":"https:\/\/actionmall.act.at\/shop\/1980\/wp-json\/wp\/v2\/media\/387"}],"wp:attachment":[{"href":"https:\/\/actionmall.act.at\/shop\/1980\/wp-json\/wp\/v2\/media?parent=389"}],"wp:term":[{"taxonomy":"product_cat","embeddable":true,"href":"https:\/\/actionmall.act.at\/shop\/1980\/wp-json\/wp\/v2\/product_cat?post=389"},{"taxonomy":"product_tag","embeddable":true,"href":"https:\/\/actionmall.act.at\/shop\/1980\/wp-json\/wp\/v2\/product_tag?post=389"}],"curies":[{"name":"wp","href":"https:\/\/api.w.org\/{rel}","templated":true}]}}