{"id":318,"date":"2025-11-11T15:43:00","date_gmt":"2025-11-11T14:43:00","guid":{"rendered":"https:\/\/actionmall.act.at\/shop\/1981\/?post_type=product&#038;p=318"},"modified":"2025-11-18T14:19:44","modified_gmt":"2025-11-18T13:19:44","slug":"flachmann-aus-holz","status":"publish","type":"product","link":"https:\/\/actionmall.act.at\/shop\/1981\/en\/produkt\/flachmann-aus-holz\/","title":{"rendered":"Flachmann aus Holz"},"content":{"rendered":"<p>F\u00fcr alle Bergliebhaber, die nicht nur die Gipfel, sondern auch das Leben in vollen Z\u00fcgen genie\u00dfen wollen: Unser personalisierbarer Flachmann sorgt daf\u00fcr, dass der Berg ruft- und du stilvoll antwortest!<\/p>\n","protected":false},"excerpt":{"rendered":"<p>Flachmann aus Metall mit einer Holzverkleidung<\/p>\n","protected":false},"featured_media":319,"template":"","meta":[],"product_cat":[],"product_tag":[],"class_list":{"0":"post-318","1":"product","2":"type-product","3":"status-publish","4":"has-post-thumbnail","7":"first","8":"instock","9":"taxable","10":"shipping-taxable","11":"purchasable","12":"product-type-simple"},"_links":{"self":[{"href":"https:\/\/actionmall.act.at\/shop\/1981\/en\/wp-json\/wp\/v2\/product\/318"}],"collection":[{"href":"https:\/\/actionmall.act.at\/shop\/1981\/en\/wp-json\/wp\/v2\/product"}],"about":[{"href":"https:\/\/actionmall.act.at\/shop\/1981\/en\/wp-json\/wp\/v2\/types\/product"}],"wp:featuredmedia":[{"embeddable":true,"href":"https:\/\/actionmall.act.at\/shop\/1981\/en\/wp-json\/wp\/v2\/media\/319"}],"wp:attachment":[{"href":"https:\/\/actionmall.act.at\/shop\/1981\/en\/wp-json\/wp\/v2\/media?parent=318"}],"wp:term":[{"taxonomy":"product_cat","embeddable":true,"href":"https:\/\/actionmall.act.at\/shop\/1981\/en\/wp-json\/wp\/v2\/product_cat?post=318"},{"taxonomy":"product_tag","embeddable":true,"href":"https:\/\/actionmall.act.at\/shop\/1981\/en\/wp-json\/wp\/v2\/product_tag?post=318"}],"curies":[{"name":"wp","href":"https:\/\/api.w.org\/{rel}","templated":true}]}}