{"id":325,"date":"2025-11-18T14:38:15","date_gmt":"2025-11-18T13:38:15","guid":{"rendered":"https:\/\/actionmall.act.at\/shop\/1981\/?post_type=product&#038;p=325"},"modified":"2025-11-18T14:39:19","modified_gmt":"2025-11-18T13:39:19","slug":"japanisches-kochmesser","status":"publish","type":"product","link":"https:\/\/actionmall.act.at\/shop\/1981\/en\/produkt\/japanisches-kochmesser\/","title":{"rendered":"Japanisches Kochmesser"},"content":{"rendered":"<p>Dieses K\u00fcchenmesser verbindet traditionelle japanische Schmiedekunst mit einem modernen, federartigen Klingendesign, das sofort ins Auge f\u00e4llt. Die scharfe Klinge gleitet m\u00fchelos durch Fleisch, Gem\u00fcse und Kr\u00e4uter und macht jedes schneiden zum Erlebnis. Der ergonomische Griff aus edlem Holz sorgt f\u00fcr perfekten Halt und maximale Kontrolle. Geliefert wir das Messer in einer stilvollen Box und mit einer passenden Lederscheide.<\/p>\n","protected":false},"excerpt":{"rendered":"<p>Japanisches Kochmesser mit Federdesign und ergonomischen Holzgriff<\/p>\n","protected":false},"featured_media":326,"template":"","meta":[],"product_cat":[],"product_tag":[],"class_list":{"0":"post-325","1":"product","2":"type-product","3":"status-publish","4":"has-post-thumbnail","7":"first","8":"instock","9":"sale","10":"taxable","11":"shipping-taxable","12":"purchasable","13":"product-type-simple"},"_links":{"self":[{"href":"https:\/\/actionmall.act.at\/shop\/1981\/en\/wp-json\/wp\/v2\/product\/325"}],"collection":[{"href":"https:\/\/actionmall.act.at\/shop\/1981\/en\/wp-json\/wp\/v2\/product"}],"about":[{"href":"https:\/\/actionmall.act.at\/shop\/1981\/en\/wp-json\/wp\/v2\/types\/product"}],"wp:featuredmedia":[{"embeddable":true,"href":"https:\/\/actionmall.act.at\/shop\/1981\/en\/wp-json\/wp\/v2\/media\/326"}],"wp:attachment":[{"href":"https:\/\/actionmall.act.at\/shop\/1981\/en\/wp-json\/wp\/v2\/media?parent=325"}],"wp:term":[{"taxonomy":"product_cat","embeddable":true,"href":"https:\/\/actionmall.act.at\/shop\/1981\/en\/wp-json\/wp\/v2\/product_cat?post=325"},{"taxonomy":"product_tag","embeddable":true,"href":"https:\/\/actionmall.act.at\/shop\/1981\/en\/wp-json\/wp\/v2\/product_tag?post=325"}],"curies":[{"name":"wp","href":"https:\/\/api.w.org\/{rel}","templated":true}]}}