{"id":331,"date":"2025-12-02T14:42:36","date_gmt":"2025-12-02T13:42:36","guid":{"rendered":"https:\/\/actionmall.act.at\/shop\/1981\/?post_type=product&#038;p=331"},"modified":"2025-12-02T14:42:36","modified_gmt":"2025-12-02T13:42:36","slug":"kraeutermuehle-aus-walnussholz","status":"publish","type":"product","link":"https:\/\/actionmall.act.at\/shop\/1981\/en\/produkt\/kraeutermuehle-aus-walnussholz\/","title":{"rendered":"Kr\u00e4uterm\u00fchle aus Walnussholz"},"content":{"rendered":"<p>Diese Kr\u00e4uterm\u00fchle aus hochwertigem Walnussholz vereint stilvolles Design mit Funktionalit\u00e4t. Mit ihrem robusten Mahlwerk zerkleinert sie Kr\u00e4uter und Gew\u00fcrze pr\u00e4zise und sorgt so f\u00fcrfrischen Geschmack in jeder Mahlzeit. Ein elegantes K\u00fcchenaccessoire, das sowohl praktisch als auch \u00e4sthetisch ist.<\/p>\n","protected":false},"excerpt":{"rendered":"<p>KR\u00c4UTERM\u00dcHLE AUS WALNUSSHOLZ<\/p>\n","protected":false},"featured_media":292,"template":"","meta":[],"product_cat":[],"product_tag":[],"class_list":{"0":"post-331","1":"product","2":"type-product","3":"status-publish","4":"has-post-thumbnail","7":"first","8":"instock","9":"taxable","10":"shipping-taxable","11":"purchasable","12":"product-type-simple"},"_links":{"self":[{"href":"https:\/\/actionmall.act.at\/shop\/1981\/en\/wp-json\/wp\/v2\/product\/331"}],"collection":[{"href":"https:\/\/actionmall.act.at\/shop\/1981\/en\/wp-json\/wp\/v2\/product"}],"about":[{"href":"https:\/\/actionmall.act.at\/shop\/1981\/en\/wp-json\/wp\/v2\/types\/product"}],"wp:featuredmedia":[{"embeddable":true,"href":"https:\/\/actionmall.act.at\/shop\/1981\/en\/wp-json\/wp\/v2\/media\/292"}],"wp:attachment":[{"href":"https:\/\/actionmall.act.at\/shop\/1981\/en\/wp-json\/wp\/v2\/media?parent=331"}],"wp:term":[{"taxonomy":"product_cat","embeddable":true,"href":"https:\/\/actionmall.act.at\/shop\/1981\/en\/wp-json\/wp\/v2\/product_cat?post=331"},{"taxonomy":"product_tag","embeddable":true,"href":"https:\/\/actionmall.act.at\/shop\/1981\/en\/wp-json\/wp\/v2\/product_tag?post=331"}],"curies":[{"name":"wp","href":"https:\/\/api.w.org\/{rel}","templated":true}]}}