{"id":344,"date":"2026-03-10T15:00:29","date_gmt":"2026-03-10T14:00:29","guid":{"rendered":"https:\/\/actionmall.act.at\/shop\/1981\/?post_type=product&#038;p=344"},"modified":"2026-03-03T15:02:43","modified_gmt":"2026-03-03T14:02:43","slug":"personalisierter-stiftehalter-mit-handyladestation","status":"publish","type":"product","link":"https:\/\/actionmall.act.at\/shop\/1981\/en\/produkt\/personalisierter-stiftehalter-mit-handyladestation\/","title":{"rendered":"Personalisierter Stiftehalter mit Handyladestation"},"content":{"rendered":"<p>Schreibtisch-Organizer und Stiftehalter aus Bambus mit kabelloser 10 W-Ladestation f\u00fcr Smartphones. Bambus ist ein nat\u00fcrliches Produkt, es kann daher zu leichten Abweichungen in Farbe, Dekor und Ma\u00dfen kommen.<\/p>\n<p>&nbsp;<\/p>\n","protected":false},"excerpt":{"rendered":"<p>Schreibtisch-Organizer und Stiftehalter aus Bambus mit kabelloser 10 W-Ladestation f\u00fcr Smartphones. Bambus ist ein nat\u00fcrliches Produkt, es kann daher zu leichten Abweichungen in Farbe, Dekor und Ma\u00dfen kommen. &nbsp;<\/p>\n","protected":false},"featured_media":346,"template":"","meta":[],"product_cat":[47,58],"product_tag":[],"class_list":{"0":"post-344","1":"product","2":"type-product","3":"status-publish","4":"has-post-thumbnail","6":"product_cat-buero-und-bueroeinrichtung","7":"product_cat-it-und-elektronik","9":"first","10":"instock","11":"taxable","12":"shipping-taxable","13":"purchasable","14":"product-type-simple"},"_links":{"self":[{"href":"https:\/\/actionmall.act.at\/shop\/1981\/en\/wp-json\/wp\/v2\/product\/344"}],"collection":[{"href":"https:\/\/actionmall.act.at\/shop\/1981\/en\/wp-json\/wp\/v2\/product"}],"about":[{"href":"https:\/\/actionmall.act.at\/shop\/1981\/en\/wp-json\/wp\/v2\/types\/product"}],"wp:featuredmedia":[{"embeddable":true,"href":"https:\/\/actionmall.act.at\/shop\/1981\/en\/wp-json\/wp\/v2\/media\/346"}],"wp:attachment":[{"href":"https:\/\/actionmall.act.at\/shop\/1981\/en\/wp-json\/wp\/v2\/media?parent=344"}],"wp:term":[{"taxonomy":"product_cat","embeddable":true,"href":"https:\/\/actionmall.act.at\/shop\/1981\/en\/wp-json\/wp\/v2\/product_cat?post=344"},{"taxonomy":"product_tag","embeddable":true,"href":"https:\/\/actionmall.act.at\/shop\/1981\/en\/wp-json\/wp\/v2\/product_tag?post=344"}],"curies":[{"name":"wp","href":"https:\/\/api.w.org\/{rel}","templated":true}]}}