{"id":353,"date":"2026-04-21T14:56:29","date_gmt":"2026-04-21T12:56:29","guid":{"rendered":"https:\/\/actionmall.act.at\/shop\/1981\/?post_type=product&#038;p=353"},"modified":"2026-04-21T14:56:30","modified_gmt":"2026-04-21T12:56:30","slug":"handwerk-hopfen","status":"publish","type":"product","link":"https:\/\/actionmall.act.at\/shop\/1981\/en\/produkt\/handwerk-hopfen\/","title":{"rendered":"Handwerk &#038; Hopfen"},"content":{"rendered":"<p>Handwerk &#038; Hopfen &#8211; das perfekte Geschenk f\u00fcr echte Genie\u00dfer!<\/p>\n<p>Ob f\u00fcr Grillmeister, Bierliebhaber oder Handwerksfans &#8211; dieses exklusive Set vereint Stil, Qualit\u00e4t und Funktionalit\u00e4t in einem einzigartigen Design.<\/p>\n<ul>\n<li>Hochwertiges Messer mit edler Verarbeitung<\/li>\n<li>Praktischer Flaschen\u00f6ffner<\/li>\n<li>Stylische Biertr\u00e4ger Kiste \ud83c\udf7b<\/li>\n<li>Perfekt f\u00fcr BQQ, K\u00fcche &#038; Feierabendbier \ud83e\udd69<\/li>\n<\/ul>\n","protected":false},"excerpt":{"rendered":"<p>Handwerk &#038; Hopfen &#8211; das perfekte Geschenk f\u00fcr echte Genie\u00dfer! Ob f\u00fcr Grillmeister, Bierliebhaber oder Handwerksfans &#8211; dieses exklusive Set vereint Stil, Qualit\u00e4t und Funktionalit\u00e4t in einem einzigartigen Design. Hochwertiges Messer mit edler Verarbeitung Praktischer Flaschen\u00f6ffner Stylische Biertr\u00e4ger Kiste \ud83c\udf7b Perfekt f\u00fcr BQQ, K\u00fcche &#038; Feierabendbier \ud83e\udd69<\/p>\n","protected":false},"featured_media":354,"template":"","meta":[],"product_cat":[34],"product_tag":[],"class_list":{"0":"post-353","1":"product","2":"type-product","3":"status-publish","4":"has-post-thumbnail","6":"product_cat-autos-und-fahrzeuge","8":"first","9":"instock","10":"sale","11":"taxable","12":"shipping-taxable","13":"purchasable","14":"product-type-simple"},"_links":{"self":[{"href":"https:\/\/actionmall.act.at\/shop\/1981\/en\/wp-json\/wp\/v2\/product\/353"}],"collection":[{"href":"https:\/\/actionmall.act.at\/shop\/1981\/en\/wp-json\/wp\/v2\/product"}],"about":[{"href":"https:\/\/actionmall.act.at\/shop\/1981\/en\/wp-json\/wp\/v2\/types\/product"}],"wp:featuredmedia":[{"embeddable":true,"href":"https:\/\/actionmall.act.at\/shop\/1981\/en\/wp-json\/wp\/v2\/media\/354"}],"wp:attachment":[{"href":"https:\/\/actionmall.act.at\/shop\/1981\/en\/wp-json\/wp\/v2\/media?parent=353"}],"wp:term":[{"taxonomy":"product_cat","embeddable":true,"href":"https:\/\/actionmall.act.at\/shop\/1981\/en\/wp-json\/wp\/v2\/product_cat?post=353"},{"taxonomy":"product_tag","embeddable":true,"href":"https:\/\/actionmall.act.at\/shop\/1981\/en\/wp-json\/wp\/v2\/product_tag?post=353"}],"curies":[{"name":"wp","href":"https:\/\/api.w.org\/{rel}","templated":true}]}}