{"id":258,"date":"2024-11-21T14:43:24","date_gmt":"2024-11-21T13:43:24","guid":{"rendered":"https:\/\/actionmall.act.at\/shop\/1981\/?post_type=product&#038;p=258"},"modified":"2025-01-10T15:45:16","modified_gmt":"2025-01-10T14:45:16","slug":"schnupftabakdose","status":"publish","type":"product","link":"https:\/\/actionmall.act.at\/shop\/1981\/produkt\/schnupftabakdose\/","title":{"rendered":"Schnupftabakdose"},"content":{"rendered":"<p>Diese handgefertigte Schnupftabakdose aus hochwertigem Holz vereint traditionelle Handwerkskunst mit nat\u00fcrlichem Charme. Erh\u00e4ltlich in Buche, Esche, Eiche, L\u00e4rche und Zirbe, \u00fcberzeugt sie Durch ihre Langlebigkeit und das edle Design. Dank des pr\u00e4zisen Verschlusses bleibt der Tabak stets frisch und aromatisch. Perfekt f\u00fcr Kenner und Liebhaber nat\u00fcrlicher Materialien!<\/p>\n","protected":false},"excerpt":{"rendered":"<p>Edle Schnupftabakdose aus hochwertigem Holz (Buche, Esche, Eiche, L\u00e4rche, Zirbe)-langlebige, stilvoll und ideal f\u00fcr frischen Tabakgenuss!<\/p>\n","protected":false},"featured_media":259,"template":"","meta":[],"product_cat":[],"product_tag":[],"class_list":{"0":"post-258","1":"product","2":"type-product","3":"status-publish","4":"has-post-thumbnail","7":"first","8":"instock","9":"taxable","10":"shipping-taxable","11":"purchasable","12":"product-type-simple"},"_links":{"self":[{"href":"https:\/\/actionmall.act.at\/shop\/1981\/wp-json\/wp\/v2\/product\/258"}],"collection":[{"href":"https:\/\/actionmall.act.at\/shop\/1981\/wp-json\/wp\/v2\/product"}],"about":[{"href":"https:\/\/actionmall.act.at\/shop\/1981\/wp-json\/wp\/v2\/types\/product"}],"wp:featuredmedia":[{"embeddable":true,"href":"https:\/\/actionmall.act.at\/shop\/1981\/wp-json\/wp\/v2\/media\/259"}],"wp:attachment":[{"href":"https:\/\/actionmall.act.at\/shop\/1981\/wp-json\/wp\/v2\/media?parent=258"}],"wp:term":[{"taxonomy":"product_cat","embeddable":true,"href":"https:\/\/actionmall.act.at\/shop\/1981\/wp-json\/wp\/v2\/product_cat?post=258"},{"taxonomy":"product_tag","embeddable":true,"href":"https:\/\/actionmall.act.at\/shop\/1981\/wp-json\/wp\/v2\/product_tag?post=258"}],"curies":[{"name":"wp","href":"https:\/\/api.w.org\/{rel}","templated":true}]}}