{"id":274,"date":"2024-11-28T14:42:51","date_gmt":"2024-11-28T13:42:51","guid":{"rendered":"https:\/\/actionmall.act.at\/shop\/1981\/?post_type=product&#038;p=274"},"modified":"2025-01-10T15:45:16","modified_gmt":"2025-01-10T14:45:16","slug":"christbaumkugeln-set-6er","status":"publish","type":"product","link":"https:\/\/actionmall.act.at\/shop\/1981\/produkt\/christbaumkugeln-set-6er\/","title":{"rendered":"Christbaumkugeln SET 6er"},"content":{"rendered":"<p>Verleihen Sie Ihrem Weihnachtsbaum eine nat\u00fcrliche und nachhaltige Note mit diesem exklusiven Christbaumkugelset aus Bio-L\u00e4rchenholz. Die Kugeln sind aus hochwertigem, umweltfreundlichem L\u00e4rchenholz gefertigt und zeichnen sich durch ihre warme, rustikale Ausstrahlung und feine Holzmaserung aus. Jedes Set enth\u00e4lt eine Auswahl an handgefertigten Kugeln in verschiedenen\u00a0 Gr\u00f6\u00dfen, die Ihrem Weihnachtsbaum einen einzigartigen Charme verleihen. Die nat\u00fcrliche Haptik des Holzes sorgt f\u00fcr eine Besondere Atmosph\u00e4re und ein festliches Ambiente in Ihrem Zuhause.<\/p>\n","protected":false},"excerpt":{"rendered":"<p>Nachhaltiges Christbaumkugelset aus handgefertigtem Bio-L\u00e4rchenholz. Mit einzigartiger Holzmaserung f\u00fcr eine nat\u00fcrliche und rustikale Weihnachtsdekoration.<\/p>\n","protected":false},"featured_media":275,"template":"","meta":[],"product_cat":[],"product_tag":[],"class_list":{"0":"post-274","1":"product","2":"type-product","3":"status-publish","4":"has-post-thumbnail","7":"first","8":"instock","9":"taxable","10":"shipping-taxable","11":"purchasable","12":"product-type-simple"},"_links":{"self":[{"href":"https:\/\/actionmall.act.at\/shop\/1981\/wp-json\/wp\/v2\/product\/274"}],"collection":[{"href":"https:\/\/actionmall.act.at\/shop\/1981\/wp-json\/wp\/v2\/product"}],"about":[{"href":"https:\/\/actionmall.act.at\/shop\/1981\/wp-json\/wp\/v2\/types\/product"}],"wp:featuredmedia":[{"embeddable":true,"href":"https:\/\/actionmall.act.at\/shop\/1981\/wp-json\/wp\/v2\/media\/275"}],"wp:attachment":[{"href":"https:\/\/actionmall.act.at\/shop\/1981\/wp-json\/wp\/v2\/media?parent=274"}],"wp:term":[{"taxonomy":"product_cat","embeddable":true,"href":"https:\/\/actionmall.act.at\/shop\/1981\/wp-json\/wp\/v2\/product_cat?post=274"},{"taxonomy":"product_tag","embeddable":true,"href":"https:\/\/actionmall.act.at\/shop\/1981\/wp-json\/wp\/v2\/product_tag?post=274"}],"curies":[{"name":"wp","href":"https:\/\/api.w.org\/{rel}","templated":true}]}}