{"id":335,"date":"2025-12-16T09:14:25","date_gmt":"2025-12-16T08:14:25","guid":{"rendered":"https:\/\/actionmall.act.at\/shop\/1983\/?post_type=product&#038;p=335"},"modified":"2026-03-17T08:48:25","modified_gmt":"2026-03-17T07:48:25","slug":"lebkuchen","status":"publish","type":"product","link":"https:\/\/actionmall.act.at\/shop\/1983\/en\/produkt\/lebkuchen\/","title":{"rendered":"Lebkuchen"},"content":{"rendered":"<p data-start=\"73\" data-end=\"274\"><strong data-start=\"73\" data-end=\"86\">Lebkuchen<\/strong><br data-start=\"86\" data-end=\"89\" \/>Saftige Lebkuchen mit feiner Gew\u00fcrznote und angenehm s\u00fc\u00dfem Geschmack. Weich gebacken und ideal f\u00fcr die Weihnachtszeit oder zum Genie\u00dfen zwischendurch. Perfekt zu Kaffee, Tee oder Kakao.<\/p>\n<p data-start=\"276\" data-end=\"402\"><strong data-start=\"276\" data-end=\"288\">Zutaten:<\/strong><br data-start=\"288\" data-end=\"291\" \/>Weizenmehl, Zucker, Honig, Eier, Butter, Lebkuchengew\u00fcrz (z. B. Zimt, Nelken, Kardamom), Backtriebmittel, Salz.<\/p>\n","protected":false},"excerpt":{"rendered":"<p>Feine Lebkuchen zum Genie\u00dfen<\/p>\n","protected":false},"featured_media":336,"template":"","meta":[],"product_cat":[44],"product_tag":[],"class_list":{"0":"post-335","1":"product","2":"type-product","3":"status-publish","4":"has-post-thumbnail","6":"product_cat-essen-und-trinken","8":"first","9":"instock","10":"taxable","11":"shipping-taxable","12":"purchasable","13":"product-type-simple"},"_links":{"self":[{"href":"https:\/\/actionmall.act.at\/shop\/1983\/en\/wp-json\/wp\/v2\/product\/335"}],"collection":[{"href":"https:\/\/actionmall.act.at\/shop\/1983\/en\/wp-json\/wp\/v2\/product"}],"about":[{"href":"https:\/\/actionmall.act.at\/shop\/1983\/en\/wp-json\/wp\/v2\/types\/product"}],"wp:featuredmedia":[{"embeddable":true,"href":"https:\/\/actionmall.act.at\/shop\/1983\/en\/wp-json\/wp\/v2\/media\/336"}],"wp:attachment":[{"href":"https:\/\/actionmall.act.at\/shop\/1983\/en\/wp-json\/wp\/v2\/media?parent=335"}],"wp:term":[{"taxonomy":"product_cat","embeddable":true,"href":"https:\/\/actionmall.act.at\/shop\/1983\/en\/wp-json\/wp\/v2\/product_cat?post=335"},{"taxonomy":"product_tag","embeddable":true,"href":"https:\/\/actionmall.act.at\/shop\/1983\/en\/wp-json\/wp\/v2\/product_tag?post=335"}],"curies":[{"name":"wp","href":"https:\/\/api.w.org\/{rel}","templated":true}]}}