{"id":351,"date":"2026-01-27T09:19:43","date_gmt":"2026-01-27T08:19:43","guid":{"rendered":"https:\/\/actionmall.act.at\/shop\/1983\/?post_type=product&#038;p=351"},"modified":"2026-03-17T08:45:16","modified_gmt":"2026-03-17T07:45:16","slug":"krapfen","status":"publish","type":"product","link":"https:\/\/actionmall.act.at\/shop\/1983\/en\/produkt\/krapfen\/","title":{"rendered":"Krapfen"},"content":{"rendered":"<p>Luftig-lockeres Hefegeb\u00e4ck, goldbraun ausgebacken und mit fruchtiger Marmelade gef\u00fcllt, fein mit Staubzucker best\u00e4ubt. Ein klassischer Genuss f\u00fcr jede Gelegenheit.<\/p>\n","protected":false},"excerpt":{"rendered":"<p>Luftig-lockeres Hefegeb\u00e4ck, goldbraun ausgebacken und mit fruchtiger Marmelade gef\u00fcllt, fein mit Staubzucker best\u00e4ubt. Ein klassischer Genuss f\u00fcr jede Gelegenheit.<\/p>\n","protected":false},"featured_media":352,"template":"","meta":[],"product_cat":[44],"product_tag":[],"class_list":{"0":"post-351","1":"product","2":"type-product","3":"status-publish","4":"has-post-thumbnail","6":"product_cat-essen-und-trinken","8":"first","9":"instock","10":"sale","11":"taxable","12":"shipping-taxable","13":"purchasable","14":"product-type-simple"},"_links":{"self":[{"href":"https:\/\/actionmall.act.at\/shop\/1983\/en\/wp-json\/wp\/v2\/product\/351"}],"collection":[{"href":"https:\/\/actionmall.act.at\/shop\/1983\/en\/wp-json\/wp\/v2\/product"}],"about":[{"href":"https:\/\/actionmall.act.at\/shop\/1983\/en\/wp-json\/wp\/v2\/types\/product"}],"wp:featuredmedia":[{"embeddable":true,"href":"https:\/\/actionmall.act.at\/shop\/1983\/en\/wp-json\/wp\/v2\/media\/352"}],"wp:attachment":[{"href":"https:\/\/actionmall.act.at\/shop\/1983\/en\/wp-json\/wp\/v2\/media?parent=351"}],"wp:term":[{"taxonomy":"product_cat","embeddable":true,"href":"https:\/\/actionmall.act.at\/shop\/1983\/en\/wp-json\/wp\/v2\/product_cat?post=351"},{"taxonomy":"product_tag","embeddable":true,"href":"https:\/\/actionmall.act.at\/shop\/1983\/en\/wp-json\/wp\/v2\/product_tag?post=351"}],"curies":[{"name":"wp","href":"https:\/\/api.w.org\/{rel}","templated":true}]}}