{"id":356,"date":"2026-01-27T09:52:42","date_gmt":"2026-01-27T08:52:42","guid":{"rendered":"https:\/\/actionmall.act.at\/shop\/1983\/?post_type=product&#038;p=356"},"modified":"2026-03-17T08:44:37","modified_gmt":"2026-03-17T07:44:37","slug":"donuts","status":"publish","type":"product","link":"https:\/\/actionmall.act.at\/shop\/1983\/en\/produkt\/donuts\/","title":{"rendered":"Donuts"},"content":{"rendered":"<p>Saftiger Donut aus feinem Hefeteig, goldbraun gebacken und mit zarter Glasur oder k\u00f6stlichem Topping veredelt \u2013 ein s\u00fc\u00dfer Genuss f\u00fcr zwischendurch.<\/p>\n","protected":false},"excerpt":{"rendered":"<p>Saftiger Donut aus feinem Hefeteig, goldbraun gebacken und mit zarter Glasur oder k\u00f6stlichem Topping veredelt \u2013 ein s\u00fc\u00dfer Genuss f\u00fcr zwischendurch.<\/p>\n","protected":false},"featured_media":357,"template":"","meta":[],"product_cat":[44],"product_tag":[],"class_list":{"0":"post-356","1":"product","2":"type-product","3":"status-publish","4":"has-post-thumbnail","6":"product_cat-essen-und-trinken","8":"first","9":"instock","10":"sale","11":"taxable","12":"shipping-taxable","13":"purchasable","14":"product-type-simple"},"_links":{"self":[{"href":"https:\/\/actionmall.act.at\/shop\/1983\/en\/wp-json\/wp\/v2\/product\/356"}],"collection":[{"href":"https:\/\/actionmall.act.at\/shop\/1983\/en\/wp-json\/wp\/v2\/product"}],"about":[{"href":"https:\/\/actionmall.act.at\/shop\/1983\/en\/wp-json\/wp\/v2\/types\/product"}],"wp:featuredmedia":[{"embeddable":true,"href":"https:\/\/actionmall.act.at\/shop\/1983\/en\/wp-json\/wp\/v2\/media\/357"}],"wp:attachment":[{"href":"https:\/\/actionmall.act.at\/shop\/1983\/en\/wp-json\/wp\/v2\/media?parent=356"}],"wp:term":[{"taxonomy":"product_cat","embeddable":true,"href":"https:\/\/actionmall.act.at\/shop\/1983\/en\/wp-json\/wp\/v2\/product_cat?post=356"},{"taxonomy":"product_tag","embeddable":true,"href":"https:\/\/actionmall.act.at\/shop\/1983\/en\/wp-json\/wp\/v2\/product_tag?post=356"}],"curies":[{"name":"wp","href":"https:\/\/api.w.org\/{rel}","templated":true}]}}