{"id":374,"date":"2026-03-10T11:17:15","date_gmt":"2026-03-10T10:17:15","guid":{"rendered":"https:\/\/actionmall.act.at\/shop\/1983\/?post_type=product&#038;p=374"},"modified":"2026-03-17T08:42:31","modified_gmt":"2026-03-17T07:42:31","slug":"fruehlingsfeier-essen-pro-person","status":"publish","type":"product","link":"https:\/\/actionmall.act.at\/shop\/1983\/en\/produkt\/fruehlingsfeier-essen-pro-person\/","title":{"rendered":"Fr\u00fchlingsfeier (Essen) pro Person"},"content":{"rendered":"<p class=\"cvGsUA direction-ltr align-start para-style-body\"><span class=\"a_GcMg font-feature-liga-off font-feature-clig-off font-feature-calt-off text-decoration-none text-strikethrough-none\">Fingerfood und Vorspeise:<\/span><\/p>\n<ul>\n<li><span class=\"a_GcMg font-feature-liga-off font-feature-clig-off font-feature-calt-off text-decoration-none text-strikethrough-none\">Bl\u00e4tterteig-Gem\u00fcse-R\u00f6llchen<\/span><\/li>\n<li><span class=\"a_GcMg font-feature-liga-off font-feature-clig-off font-feature-calt-off text-decoration-none text-strikethrough-none\">Tomate-Mozzarella-Spie\u00dfe<\/span><\/li>\n<\/ul>\n<p class=\"cvGsUA direction-ltr align-start para-style-body\"><span class=\"a_GcMg font-feature-liga-off font-feature-clig-off font-feature-calt-off text-decoration-none text-strikethrough-none\">Warme Speisen:<\/span><\/p>\n<ul>\n<li><span class=\"a_GcMg font-feature-liga-off font-feature-clig-off font-feature-calt-off text-decoration-none text-strikethrough-none\">H\u00e4hnchenbrust in Kr\u00e4utersauce<\/span><\/li>\n<li><span class=\"a_GcMg font-feature-liga-off font-feature-clig-off font-feature-calt-off text-decoration-none text-strikethrough-none\">Fr\u00fchlingsfrikadellen<\/span><\/li>\n<li><span class=\"a_GcMg font-feature-liga-off font-feature-clig-off font-feature-calt-off text-decoration-none text-strikethrough-none\">Spargel Pasta (vegetarisch)<\/span><\/li>\n<li><span class=\"a_GcMg font-feature-liga-off font-feature-clig-off font-feature-calt-off text-decoration-none text-strikethrough-none\">Gef\u00fcllte Paprika (vegan)<\/span><\/li>\n<\/ul>\n<p class=\"cvGsUA direction-ltr align-start para-style-body\"><span class=\"a_GcMg font-feature-liga-off font-feature-clig-off font-feature-calt-off text-decoration-none text-strikethrough-none\">Desserts<\/span><\/p>\n<ul>\n<li><span class=\"a_GcMg font-feature-liga-off font-feature-clig-off font-feature-calt-off text-decoration-none text-strikethrough-none\">Erdbeer-Panna-Cotta<\/span><\/li>\n<li><span class=\"a_GcMg font-feature-liga-off font-feature-clig-off font-feature-calt-off text-decoration-none text-strikethrough-none\">Obstsalat<\/span><\/li>\n<li><span class=\"a_GcMg font-feature-liga-off font-feature-clig-off font-feature-calt-off text-decoration-none text-strikethrough-none\">Schockoladenk\u00fcchlein<\/span><\/li>\n<\/ul>\n","protected":false},"excerpt":{"rendered":"<p>Fingerfood und Vorspeise: Bl\u00e4tterteig-Gem\u00fcse-R\u00f6llchen Tomate-Mozzarella-Spie\u00dfe Warme Speisen: H\u00e4hnchenbrust in Kr\u00e4utersauce Fr\u00fchlingsfrikadellen Spargel Pasta (vegetarisch) Gef\u00fcllte Paprika (vegan) Desserts Erdbeer-Panna-Cotta Obstsalat Schockoladenk\u00fcchlein<\/p>\n","protected":false},"featured_media":373,"template":"","meta":[],"product_cat":[44],"product_tag":[],"class_list":{"0":"post-374","1":"product","2":"type-product","3":"status-publish","4":"has-post-thumbnail","6":"product_cat-essen-und-trinken","8":"first","9":"instock","10":"sale","11":"taxable","12":"shipping-taxable","13":"purchasable","14":"product-type-simple"},"_links":{"self":[{"href":"https:\/\/actionmall.act.at\/shop\/1983\/en\/wp-json\/wp\/v2\/product\/374"}],"collection":[{"href":"https:\/\/actionmall.act.at\/shop\/1983\/en\/wp-json\/wp\/v2\/product"}],"about":[{"href":"https:\/\/actionmall.act.at\/shop\/1983\/en\/wp-json\/wp\/v2\/types\/product"}],"wp:featuredmedia":[{"embeddable":true,"href":"https:\/\/actionmall.act.at\/shop\/1983\/en\/wp-json\/wp\/v2\/media\/373"}],"wp:attachment":[{"href":"https:\/\/actionmall.act.at\/shop\/1983\/en\/wp-json\/wp\/v2\/media?parent=374"}],"wp:term":[{"taxonomy":"product_cat","embeddable":true,"href":"https:\/\/actionmall.act.at\/shop\/1983\/en\/wp-json\/wp\/v2\/product_cat?post=374"},{"taxonomy":"product_tag","embeddable":true,"href":"https:\/\/actionmall.act.at\/shop\/1983\/en\/wp-json\/wp\/v2\/product_tag?post=374"}],"curies":[{"name":"wp","href":"https:\/\/api.w.org\/{rel}","templated":true}]}}