{"id":375,"date":"2026-03-10T11:19:15","date_gmt":"2026-03-10T10:19:15","guid":{"rendered":"https:\/\/actionmall.act.at\/shop\/1983\/?post_type=product&#038;p=375"},"modified":"2026-03-17T08:42:59","modified_gmt":"2026-03-17T07:42:59","slug":"fruehlingsfeier-getraenke-fuer-10-personen","status":"publish","type":"product","link":"https:\/\/actionmall.act.at\/shop\/1983\/en\/produkt\/fruehlingsfeier-getraenke-fuer-10-personen\/","title":{"rendered":"Fr\u00fchlingsfeier (Getr\u00e4nke) &#8211; f\u00fcr 10 Personen"},"content":{"rendered":"<p class=\"cvGsUA direction-ltr align-start para-style-body\"><span class=\"a_GcMg font-feature-liga-off font-feature-clig-off font-feature-calt-off text-decoration-none text-strikethrough-none\">Getr\u00e4nke<\/span><\/p>\n<ul>\n<li><span class=\"a_GcMg font-feature-liga-off font-feature-clig-off font-feature-calt-off text-decoration-none text-strikethrough-none\">Wasser<\/span><\/li>\n<li><span class=\"a_GcMg font-feature-liga-off font-feature-clig-off font-feature-calt-off text-decoration-none text-strikethrough-none\">Limonaden<\/span><\/li>\n<li><span class=\"a_GcMg font-feature-liga-off font-feature-clig-off font-feature-calt-off text-decoration-none text-strikethrough-none\">Wein<\/span><\/li>\n<\/ul>\n","protected":false},"excerpt":{"rendered":"<p>Getr\u00e4nke Wasser Limonaden Wein<\/p>\n","protected":false},"featured_media":376,"template":"","meta":[],"product_cat":[44],"product_tag":[],"class_list":{"0":"post-375","1":"product","2":"type-product","3":"status-publish","4":"has-post-thumbnail","6":"product_cat-essen-und-trinken","8":"first","9":"instock","10":"sale","11":"taxable","12":"shipping-taxable","13":"purchasable","14":"product-type-simple"},"_links":{"self":[{"href":"https:\/\/actionmall.act.at\/shop\/1983\/en\/wp-json\/wp\/v2\/product\/375"}],"collection":[{"href":"https:\/\/actionmall.act.at\/shop\/1983\/en\/wp-json\/wp\/v2\/product"}],"about":[{"href":"https:\/\/actionmall.act.at\/shop\/1983\/en\/wp-json\/wp\/v2\/types\/product"}],"wp:featuredmedia":[{"embeddable":true,"href":"https:\/\/actionmall.act.at\/shop\/1983\/en\/wp-json\/wp\/v2\/media\/376"}],"wp:attachment":[{"href":"https:\/\/actionmall.act.at\/shop\/1983\/en\/wp-json\/wp\/v2\/media?parent=375"}],"wp:term":[{"taxonomy":"product_cat","embeddable":true,"href":"https:\/\/actionmall.act.at\/shop\/1983\/en\/wp-json\/wp\/v2\/product_cat?post=375"},{"taxonomy":"product_tag","embeddable":true,"href":"https:\/\/actionmall.act.at\/shop\/1983\/en\/wp-json\/wp\/v2\/product_tag?post=375"}],"curies":[{"name":"wp","href":"https:\/\/api.w.org\/{rel}","templated":true}]}}