{"id":337,"date":"2025-12-16T09:18:31","date_gmt":"2025-12-16T08:18:31","guid":{"rendered":"https:\/\/actionmall.act.at\/shop\/1983\/?post_type=product&#038;p=337"},"modified":"2026-03-17T08:47:38","modified_gmt":"2026-03-17T07:47:38","slug":"zimtschnecken","status":"publish","type":"product","link":"https:\/\/actionmall.act.at\/shop\/1983\/produkt\/zimtschnecken\/","title":{"rendered":"Zimtschnecken"},"content":{"rendered":"<p data-start=\"86\" data-end=\"311\">Saftige Zimtschnecken aus lockerem Hefeteig, gef\u00fcllt mit aromatischer Zimt-Zucker-F\u00fcllung. Frisch gebacken und herrlich s\u00fc\u00df \u2013 perfekt zum Fr\u00fchst\u00fcck, Kaffee oder als Snack zwischendurch.<\/p>\n<p data-start=\"313\" data-end=\"386\"><strong data-start=\"313\" data-end=\"325\">Zutaten:<\/strong><br data-start=\"325\" data-end=\"328\" \/>Weizenmehl, Zucker, Butter, Milch, Eier, Hefe, Zimt, Salz.<\/p>\n","protected":false},"excerpt":{"rendered":"<p>Saftige Zimtschnecken mit Zimtf\u00fcllung.<\/p>\n","protected":false},"featured_media":338,"template":"","meta":[],"product_cat":[44],"product_tag":[],"class_list":{"0":"post-337","1":"product","2":"type-product","3":"status-publish","4":"has-post-thumbnail","6":"product_cat-essen-und-trinken","8":"first","9":"instock","10":"taxable","11":"shipping-taxable","12":"purchasable","13":"product-type-simple"},"_links":{"self":[{"href":"https:\/\/actionmall.act.at\/shop\/1983\/wp-json\/wp\/v2\/product\/337"}],"collection":[{"href":"https:\/\/actionmall.act.at\/shop\/1983\/wp-json\/wp\/v2\/product"}],"about":[{"href":"https:\/\/actionmall.act.at\/shop\/1983\/wp-json\/wp\/v2\/types\/product"}],"wp:featuredmedia":[{"embeddable":true,"href":"https:\/\/actionmall.act.at\/shop\/1983\/wp-json\/wp\/v2\/media\/338"}],"wp:attachment":[{"href":"https:\/\/actionmall.act.at\/shop\/1983\/wp-json\/wp\/v2\/media?parent=337"}],"wp:term":[{"taxonomy":"product_cat","embeddable":true,"href":"https:\/\/actionmall.act.at\/shop\/1983\/wp-json\/wp\/v2\/product_cat?post=337"},{"taxonomy":"product_tag","embeddable":true,"href":"https:\/\/actionmall.act.at\/shop\/1983\/wp-json\/wp\/v2\/product_tag?post=337"}],"curies":[{"name":"wp","href":"https:\/\/api.w.org\/{rel}","templated":true}]}}