{"id":341,"date":"2025-12-16T09:30:27","date_gmt":"2025-12-16T08:30:27","guid":{"rendered":"https:\/\/actionmall.act.at\/shop\/1983\/?post_type=product&#038;p=341"},"modified":"2026-03-17T08:46:01","modified_gmt":"2026-03-17T07:46:01","slug":"macrons","status":"publish","type":"product","link":"https:\/\/actionmall.act.at\/shop\/1983\/produkt\/macrons\/","title":{"rendered":"Macraons"},"content":{"rendered":"<p>Zarte Macarons mit knuspriger Schale und cremiger F\u00fcllung. Fein, s\u00fc\u00df und in verschiedenen Geschmacksrichtungen \u2013 perfekt zum Naschen oder Verschenken.<\/p>\n","protected":false},"excerpt":{"rendered":"<p>Feine Macarons mit cremiger F\u00fcllung.<\/p>\n","protected":false},"featured_media":342,"template":"","meta":[],"product_cat":[44],"product_tag":[],"class_list":{"0":"post-341","1":"product","2":"type-product","3":"status-publish","4":"has-post-thumbnail","6":"product_cat-essen-und-trinken","8":"first","9":"instock","10":"taxable","11":"shipping-taxable","12":"purchasable","13":"product-type-simple"},"_links":{"self":[{"href":"https:\/\/actionmall.act.at\/shop\/1983\/wp-json\/wp\/v2\/product\/341"}],"collection":[{"href":"https:\/\/actionmall.act.at\/shop\/1983\/wp-json\/wp\/v2\/product"}],"about":[{"href":"https:\/\/actionmall.act.at\/shop\/1983\/wp-json\/wp\/v2\/types\/product"}],"wp:featuredmedia":[{"embeddable":true,"href":"https:\/\/actionmall.act.at\/shop\/1983\/wp-json\/wp\/v2\/media\/342"}],"wp:attachment":[{"href":"https:\/\/actionmall.act.at\/shop\/1983\/wp-json\/wp\/v2\/media?parent=341"}],"wp:term":[{"taxonomy":"product_cat","embeddable":true,"href":"https:\/\/actionmall.act.at\/shop\/1983\/wp-json\/wp\/v2\/product_cat?post=341"},{"taxonomy":"product_tag","embeddable":true,"href":"https:\/\/actionmall.act.at\/shop\/1983\/wp-json\/wp\/v2\/product_tag?post=341"}],"curies":[{"name":"wp","href":"https:\/\/api.w.org\/{rel}","templated":true}]}}