{"id":451,"date":"2026-03-10T10:07:39","date_gmt":"2026-03-10T09:07:39","guid":{"rendered":"https:\/\/actionmall.act.at\/shop\/2025\/?post_type=product&#038;p=451"},"modified":"2026-03-10T10:14:27","modified_gmt":"2026-03-10T09:14:27","slug":"ls005-schreibtisch-nova","status":"publish","type":"product","link":"https:\/\/actionmall.act.at\/shop\/2025\/en\/produkt\/ls005-schreibtisch-nova\/","title":{"rendered":"LS005 Schreibtisch &#8220;Nova&#8221;"},"content":{"rendered":"","protected":false},"excerpt":{"rendered":"<p class=\"cvGsUA direction-ltr align-start para-style-body\"><span class=\"a_GcMg font-feature-liga-off font-feature-clig-off font-feature-calt-off text-decoration-none text-strikethrough-none\">Modernes Arbeiten im Stil<\/span><\/p>\n<p class=\"cvGsUA direction-ltr align-start para-style-body\"><span class=\"a_GcMg font-feature-liga-off font-feature-clig-off font-feature-calt-off text-decoration-none text-strikethrough-none\">\u201eNova\u201c kombiniert modernes Design mit praktischer Funktionalit\u00e4t. Die klare Form und die elegante Oberfl\u00e4che machen diesen Schreibtisch zu einem echten Blickfang im B\u00fcro.<\/span><\/p>\n","protected":false},"featured_media":454,"template":"","meta":[],"product_cat":[42],"product_tag":[],"class_list":{"0":"post-451","1":"product","2":"type-product","3":"status-publish","4":"has-post-thumbnail","6":"product_cat-immobilien-heim-und-garten","8":"first","9":"instock","10":"taxable","11":"shipping-taxable","12":"purchasable","13":"product-type-simple"},"_links":{"self":[{"href":"https:\/\/actionmall.act.at\/shop\/2025\/en\/wp-json\/wp\/v2\/product\/451"}],"collection":[{"href":"https:\/\/actionmall.act.at\/shop\/2025\/en\/wp-json\/wp\/v2\/product"}],"about":[{"href":"https:\/\/actionmall.act.at\/shop\/2025\/en\/wp-json\/wp\/v2\/types\/product"}],"wp:featuredmedia":[{"embeddable":true,"href":"https:\/\/actionmall.act.at\/shop\/2025\/en\/wp-json\/wp\/v2\/media\/454"}],"wp:attachment":[{"href":"https:\/\/actionmall.act.at\/shop\/2025\/en\/wp-json\/wp\/v2\/media?parent=451"}],"wp:term":[{"taxonomy":"product_cat","embeddable":true,"href":"https:\/\/actionmall.act.at\/shop\/2025\/en\/wp-json\/wp\/v2\/product_cat?post=451"},{"taxonomy":"product_tag","embeddable":true,"href":"https:\/\/actionmall.act.at\/shop\/2025\/en\/wp-json\/wp\/v2\/product_tag?post=451"}],"curies":[{"name":"wp","href":"https:\/\/api.w.org\/{rel}","templated":true}]}}