{"id":455,"date":"2026-03-10T10:08:44","date_gmt":"2026-03-10T09:08:44","guid":{"rendered":"https:\/\/actionmall.act.at\/shop\/2025\/?post_type=product&#038;p=455"},"modified":"2026-03-10T10:14:18","modified_gmt":"2026-03-10T09:14:18","slug":"ls006-schreibtisch-flexa","status":"publish","type":"product","link":"https:\/\/actionmall.act.at\/shop\/2025\/en\/produkt\/ls006-schreibtisch-flexa\/","title":{"rendered":"LS006 Schreibtisch &#8220;Flexa&#8221;"},"content":{"rendered":"","protected":false},"excerpt":{"rendered":"<p class=\"cvGsUA direction-ltr align-start para-style-body\"><span class=\"a_GcMg font-feature-liga-off font-feature-clig-off font-feature-calt-off text-decoration-none text-strikethrough-none\">Effizienz f\u00fcr jeden Arbeitsplatz<\/span><\/p>\n<p class=\"cvGsUA direction-ltr align-start para-style-body\"><span class=\"a_GcMg font-feature-liga-off font-feature-clig-off font-feature-calt-off text-decoration-none text-strikethrough-none\">\u201eFlexa\u201c \u00fcberzeugt durch sein durchdachtes Design und seine vielseitige Nutzbarkeit. Die gro\u00dfz\u00fcgige Arbeitsfl\u00e4che und stabile Konstruktion bieten perfekten Komfort f\u00fcr produktives Arbeiten.<\/span><\/p>\n","protected":false},"featured_media":456,"template":"","meta":[],"product_cat":[42],"product_tag":[],"class_list":{"0":"post-455","1":"product","2":"type-product","3":"status-publish","4":"has-post-thumbnail","6":"product_cat-immobilien-heim-und-garten","8":"first","9":"instock","10":"taxable","11":"shipping-taxable","12":"purchasable","13":"product-type-simple"},"_links":{"self":[{"href":"https:\/\/actionmall.act.at\/shop\/2025\/en\/wp-json\/wp\/v2\/product\/455"}],"collection":[{"href":"https:\/\/actionmall.act.at\/shop\/2025\/en\/wp-json\/wp\/v2\/product"}],"about":[{"href":"https:\/\/actionmall.act.at\/shop\/2025\/en\/wp-json\/wp\/v2\/types\/product"}],"wp:featuredmedia":[{"embeddable":true,"href":"https:\/\/actionmall.act.at\/shop\/2025\/en\/wp-json\/wp\/v2\/media\/456"}],"wp:attachment":[{"href":"https:\/\/actionmall.act.at\/shop\/2025\/en\/wp-json\/wp\/v2\/media?parent=455"}],"wp:term":[{"taxonomy":"product_cat","embeddable":true,"href":"https:\/\/actionmall.act.at\/shop\/2025\/en\/wp-json\/wp\/v2\/product_cat?post=455"},{"taxonomy":"product_tag","embeddable":true,"href":"https:\/\/actionmall.act.at\/shop\/2025\/en\/wp-json\/wp\/v2\/product_tag?post=455"}],"curies":[{"name":"wp","href":"https:\/\/api.w.org\/{rel}","templated":true}]}}