{"id":318,"date":"2025-11-25T10:27:20","date_gmt":"2025-11-25T09:27:20","guid":{"rendered":"https:\/\/actionmall.act.at\/shop\/2025\/?post_type=product&#038;p=318"},"modified":"2025-11-25T10:28:10","modified_gmt":"2025-11-25T09:28:10","slug":"christbaumkugeln-gold","status":"publish","type":"product","link":"https:\/\/actionmall.act.at\/shop\/2025\/produkt\/christbaumkugeln-gold\/","title":{"rendered":"Christbaumkugeln &#8222;Gold&#8220;"},"content":{"rendered":"<p>Goldene, glitzernde Weihnachtskugeln strahlen festliche Eleganz aus und verleihen jedem Weihnachtsbaum einen Hauch von Luxus. Ihr gl\u00e4nzender Schimmer reflektiert das Licht der Lichterketten und sorgt f\u00fcr eine zauberhafte Atmosph\u00e4re. Die goldene Farbe symbolisiert W\u00e4rme und Freude, w\u00e4hrend der Glitzer das Besondere und Magische der Feiertage unterstreicht. Diese Kugeln sind der perfekte Hingucker in einer Weihnachtsdekoration, die festliche Pracht und ein wenig Zauber in jedes Zuhause bringt.<\/p>\n","protected":false},"excerpt":{"rendered":"<p>Goldene, glitzernde Weihnachtskugeln strahlen festliche Eleganz aus und verleihen jedem Weihnachtsbaum einen Hauch von Luxus. Ihr gl\u00e4nzender Schimmer reflektiert das Licht der Lichterketten und sorgt f\u00fcr eine zauberhafte Atmosph\u00e4re. Die goldene Farbe symbolisiert W\u00e4rme und Freude, w\u00e4hrend der Glitzer das Besondere und Magische der Feiertage unterstreicht. Diese Kugeln sind der perfekte Hingucker in einer Weihnachtsdekoration, [&hellip;]<\/p>\n","protected":false},"featured_media":322,"template":"","meta":[],"product_cat":[],"product_tag":[],"class_list":{"0":"post-318","1":"product","2":"type-product","3":"status-publish","4":"has-post-thumbnail","7":"first","8":"instock","9":"taxable","10":"shipping-taxable","11":"purchasable","12":"product-type-simple"},"_links":{"self":[{"href":"https:\/\/actionmall.act.at\/shop\/2025\/wp-json\/wp\/v2\/product\/318"}],"collection":[{"href":"https:\/\/actionmall.act.at\/shop\/2025\/wp-json\/wp\/v2\/product"}],"about":[{"href":"https:\/\/actionmall.act.at\/shop\/2025\/wp-json\/wp\/v2\/types\/product"}],"wp:featuredmedia":[{"embeddable":true,"href":"https:\/\/actionmall.act.at\/shop\/2025\/wp-json\/wp\/v2\/media\/322"}],"wp:attachment":[{"href":"https:\/\/actionmall.act.at\/shop\/2025\/wp-json\/wp\/v2\/media?parent=318"}],"wp:term":[{"taxonomy":"product_cat","embeddable":true,"href":"https:\/\/actionmall.act.at\/shop\/2025\/wp-json\/wp\/v2\/product_cat?post=318"},{"taxonomy":"product_tag","embeddable":true,"href":"https:\/\/actionmall.act.at\/shop\/2025\/wp-json\/wp\/v2\/product_tag?post=318"}],"curies":[{"name":"wp","href":"https:\/\/api.w.org\/{rel}","templated":true}]}}