{"id":347,"date":"2025-12-16T08:06:07","date_gmt":"2025-12-16T07:06:07","guid":{"rendered":"https:\/\/actionmall.act.at\/shop\/2025\/?post_type=product&#038;p=347"},"modified":"2025-12-16T08:06:07","modified_gmt":"2025-12-16T07:06:07","slug":"glueckklee-for-ever","status":"publish","type":"product","link":"https:\/\/actionmall.act.at\/shop\/2025\/produkt\/glueckklee-for-ever\/","title":{"rendered":"Gl\u00fcckklee &#8222;For Ever&#8220;"},"content":{"rendered":"<p>Ein elegantes Deko-Element aus hochwertigem Kristallglas: Dieses funkelnde Kleeblatt-Arrangement \u00fcberzeugt mit drei gl\u00e4nzenden, gr\u00fcnen Kristallbl\u00e4ttern und einem klaren, facettierten Sockel. Ideal als Gl\u00fccksbringer, Geschenk oder stilvolle Tisch- und Wohnraumdekoration.<\/p>\n","protected":false},"excerpt":{"rendered":"<p>Ein elegantes Deko-Element aus hochwertigem Kristallglas: Dieses funkelnde Kleeblatt-Arrangement \u00fcberzeugt mit drei gl\u00e4nzenden, gr\u00fcnen Kristallbl\u00e4ttern und einem klaren, facettierten Sockel. Ideal als Gl\u00fccksbringer, Geschenk oder stilvolle Tisch- und Wohnraumdekoration.<\/p>\n","protected":false},"featured_media":348,"template":"","meta":[],"product_cat":[],"product_tag":[],"class_list":{"0":"post-347","1":"product","2":"type-product","3":"status-publish","4":"has-post-thumbnail","7":"first","8":"instock","9":"taxable","10":"shipping-taxable","11":"purchasable","12":"product-type-simple"},"_links":{"self":[{"href":"https:\/\/actionmall.act.at\/shop\/2025\/wp-json\/wp\/v2\/product\/347"}],"collection":[{"href":"https:\/\/actionmall.act.at\/shop\/2025\/wp-json\/wp\/v2\/product"}],"about":[{"href":"https:\/\/actionmall.act.at\/shop\/2025\/wp-json\/wp\/v2\/types\/product"}],"wp:featuredmedia":[{"embeddable":true,"href":"https:\/\/actionmall.act.at\/shop\/2025\/wp-json\/wp\/v2\/media\/348"}],"wp:attachment":[{"href":"https:\/\/actionmall.act.at\/shop\/2025\/wp-json\/wp\/v2\/media?parent=347"}],"wp:term":[{"taxonomy":"product_cat","embeddable":true,"href":"https:\/\/actionmall.act.at\/shop\/2025\/wp-json\/wp\/v2\/product_cat?post=347"},{"taxonomy":"product_tag","embeddable":true,"href":"https:\/\/actionmall.act.at\/shop\/2025\/wp-json\/wp\/v2\/product_tag?post=347"}],"curies":[{"name":"wp","href":"https:\/\/api.w.org\/{rel}","templated":true}]}}