{"id":354,"date":"2025-12-16T09:09:35","date_gmt":"2025-12-16T08:09:35","guid":{"rendered":"https:\/\/actionmall.act.at\/shop\/2025\/?post_type=product&#038;p=354"},"modified":"2025-12-16T09:09:35","modified_gmt":"2025-12-16T08:09:35","slug":"schrank-luxus","status":"publish","type":"product","link":"https:\/\/actionmall.act.at\/shop\/2025\/produkt\/schrank-luxus\/","title":{"rendered":"Schrank &#8222;Luxus&#8220;"},"content":{"rendered":"<p>Ein edles M\u00f6belst\u00fcck aus hochwertigen Materialien, mit exklusivem Design und besonderer Ausstattung, das Funktionalit\u00e4t und Eleganz verbindet.<\/p>\n","protected":false},"excerpt":{"rendered":"<p>Ein edles M\u00f6belst\u00fcck aus hochwertigen Materialien, mit exklusivem Design und besonderer Ausstattung, das Funktionalit\u00e4t und Eleganz verbindet.<\/p>\n","protected":false},"featured_media":355,"template":"","meta":[],"product_cat":[],"product_tag":[],"class_list":{"0":"post-354","1":"product","2":"type-product","3":"status-publish","4":"has-post-thumbnail","7":"first","8":"instock","9":"taxable","10":"shipping-taxable","11":"purchasable","12":"product-type-simple"},"_links":{"self":[{"href":"https:\/\/actionmall.act.at\/shop\/2025\/wp-json\/wp\/v2\/product\/354"}],"collection":[{"href":"https:\/\/actionmall.act.at\/shop\/2025\/wp-json\/wp\/v2\/product"}],"about":[{"href":"https:\/\/actionmall.act.at\/shop\/2025\/wp-json\/wp\/v2\/types\/product"}],"wp:featuredmedia":[{"embeddable":true,"href":"https:\/\/actionmall.act.at\/shop\/2025\/wp-json\/wp\/v2\/media\/355"}],"wp:attachment":[{"href":"https:\/\/actionmall.act.at\/shop\/2025\/wp-json\/wp\/v2\/media?parent=354"}],"wp:term":[{"taxonomy":"product_cat","embeddable":true,"href":"https:\/\/actionmall.act.at\/shop\/2025\/wp-json\/wp\/v2\/product_cat?post=354"},{"taxonomy":"product_tag","embeddable":true,"href":"https:\/\/actionmall.act.at\/shop\/2025\/wp-json\/wp\/v2\/product_tag?post=354"}],"curies":[{"name":"wp","href":"https:\/\/api.w.org\/{rel}","templated":true}]}}