{"id":356,"date":"2025-12-16T09:11:26","date_gmt":"2025-12-16T08:11:26","guid":{"rendered":"https:\/\/actionmall.act.at\/shop\/2025\/?post_type=product&#038;p=356"},"modified":"2025-12-16T09:11:27","modified_gmt":"2025-12-16T08:11:27","slug":"schrank-luna","status":"publish","type":"product","link":"https:\/\/actionmall.act.at\/shop\/2025\/produkt\/schrank-luna\/","title":{"rendered":"Schrank &#8222;Luna&#8220;"},"content":{"rendered":"<p>Ein eleganter Schrank in tiefschwarzem Design, der durch seine moderne Optik, klare Linienf\u00fchrung und funktionale Ausstattung eine stilvolle und zeitgem\u00e4\u00dfe Wohnatmosph\u00e4re schafft.<\/p>\n","protected":false},"excerpt":{"rendered":"<p>Ein eleganter Schrank in tiefschwarzem Design, der durch seine moderne Optik, klare Linienf\u00fchrung und funktionale Ausstattung eine stilvolle und zeitgem\u00e4\u00dfe Wohnatmosph\u00e4re schafft.<\/p>\n","protected":false},"featured_media":357,"template":"","meta":[],"product_cat":[],"product_tag":[],"class_list":{"0":"post-356","1":"product","2":"type-product","3":"status-publish","4":"has-post-thumbnail","7":"first","8":"instock","9":"taxable","10":"shipping-taxable","11":"purchasable","12":"product-type-simple"},"_links":{"self":[{"href":"https:\/\/actionmall.act.at\/shop\/2025\/wp-json\/wp\/v2\/product\/356"}],"collection":[{"href":"https:\/\/actionmall.act.at\/shop\/2025\/wp-json\/wp\/v2\/product"}],"about":[{"href":"https:\/\/actionmall.act.at\/shop\/2025\/wp-json\/wp\/v2\/types\/product"}],"wp:featuredmedia":[{"embeddable":true,"href":"https:\/\/actionmall.act.at\/shop\/2025\/wp-json\/wp\/v2\/media\/357"}],"wp:attachment":[{"href":"https:\/\/actionmall.act.at\/shop\/2025\/wp-json\/wp\/v2\/media?parent=356"}],"wp:term":[{"taxonomy":"product_cat","embeddable":true,"href":"https:\/\/actionmall.act.at\/shop\/2025\/wp-json\/wp\/v2\/product_cat?post=356"},{"taxonomy":"product_tag","embeddable":true,"href":"https:\/\/actionmall.act.at\/shop\/2025\/wp-json\/wp\/v2\/product_tag?post=356"}],"curies":[{"name":"wp","href":"https:\/\/api.w.org\/{rel}","templated":true}]}}