{"id":360,"date":"2025-12-16T09:13:38","date_gmt":"2025-12-16T08:13:38","guid":{"rendered":"https:\/\/actionmall.act.at\/shop\/2025\/?post_type=product&#038;p=360"},"modified":"2025-12-16T09:13:38","modified_gmt":"2025-12-16T08:13:38","slug":"schrank-meisterwerk","status":"publish","type":"product","link":"https:\/\/actionmall.act.at\/shop\/2025\/produkt\/schrank-meisterwerk\/","title":{"rendered":"Schrank &#8222;Meisterwerk&#8220;"},"content":{"rendered":"<p>Ein exklusives M\u00f6belst\u00fcck aus hochwertigen Materialien, das durch edles Design, erstklassige Verarbeitung und besondere Ausstattung h\u00f6chsten Komfort und stilvolle Eleganz bietet.<\/p>\n","protected":false},"excerpt":{"rendered":"<p>Ein exklusives M\u00f6belst\u00fcck aus hochwertigen Materialien, das durch edles Design, erstklassige Verarbeitung und besondere Ausstattung h\u00f6chsten Komfort und stilvolle Eleganz bietet.<\/p>\n","protected":false},"featured_media":361,"template":"","meta":[],"product_cat":[],"product_tag":[],"class_list":{"0":"post-360","1":"product","2":"type-product","3":"status-publish","4":"has-post-thumbnail","7":"first","8":"instock","9":"taxable","10":"shipping-taxable","11":"purchasable","12":"product-type-simple"},"_links":{"self":[{"href":"https:\/\/actionmall.act.at\/shop\/2025\/wp-json\/wp\/v2\/product\/360"}],"collection":[{"href":"https:\/\/actionmall.act.at\/shop\/2025\/wp-json\/wp\/v2\/product"}],"about":[{"href":"https:\/\/actionmall.act.at\/shop\/2025\/wp-json\/wp\/v2\/types\/product"}],"wp:featuredmedia":[{"embeddable":true,"href":"https:\/\/actionmall.act.at\/shop\/2025\/wp-json\/wp\/v2\/media\/361"}],"wp:attachment":[{"href":"https:\/\/actionmall.act.at\/shop\/2025\/wp-json\/wp\/v2\/media?parent=360"}],"wp:term":[{"taxonomy":"product_cat","embeddable":true,"href":"https:\/\/actionmall.act.at\/shop\/2025\/wp-json\/wp\/v2\/product_cat?post=360"},{"taxonomy":"product_tag","embeddable":true,"href":"https:\/\/actionmall.act.at\/shop\/2025\/wp-json\/wp\/v2\/product_tag?post=360"}],"curies":[{"name":"wp","href":"https:\/\/api.w.org\/{rel}","templated":true}]}}