{"id":362,"date":"2025-12-16T09:34:04","date_gmt":"2025-12-16T08:34:04","guid":{"rendered":"https:\/\/actionmall.act.at\/shop\/2025\/?post_type=product&#038;p=362"},"modified":"2025-12-16T09:34:04","modified_gmt":"2025-12-16T08:34:04","slug":"gluecksteetasse-marienkaefer","status":"publish","type":"product","link":"https:\/\/actionmall.act.at\/shop\/2025\/produkt\/gluecksteetasse-marienkaefer\/","title":{"rendered":"Gl\u00fccksteetasse &#8222;Marienk\u00e4fer&#8220;"},"content":{"rendered":"<p>Die Gl\u00fccksteetasse <strong>\u201eMarienk\u00e4fer\u201c<\/strong> bringt ein kleines St\u00fcck Zuversicht in jeden Moment. Der Marienk\u00e4fer \u2013 seit jeher Symbol f\u00fcr Gl\u00fcck, Schutz und gute Wendungen \u2013 begleitet dich bei jedem Schluck und erinnert daran, dass selbst die kleinsten Dinge Gro\u00dfes bewirken k\u00f6nnen. Perfekt f\u00fcr ruhige Morgen, hoffnungsvolle Pausen und warme Gedanken.<\/p>\n","protected":false},"excerpt":{"rendered":"<p>Die Gl\u00fccksteetasse \u201eMarienk\u00e4fer\u201c bringt ein kleines St\u00fcck Zuversicht in jeden Moment. Der Marienk\u00e4fer \u2013 seit jeher Symbol f\u00fcr Gl\u00fcck, Schutz und gute Wendungen \u2013 begleitet dich bei jedem Schluck und erinnert daran, dass selbst die kleinsten Dinge Gro\u00dfes bewirken k\u00f6nnen. Perfekt f\u00fcr ruhige Morgen, hoffnungsvolle Pausen und warme Gedanken.<\/p>\n","protected":false},"featured_media":363,"template":"","meta":[],"product_cat":[],"product_tag":[],"class_list":{"0":"post-362","1":"product","2":"type-product","3":"status-publish","4":"has-post-thumbnail","7":"first","8":"instock","9":"taxable","10":"shipping-taxable","11":"purchasable","12":"product-type-simple"},"_links":{"self":[{"href":"https:\/\/actionmall.act.at\/shop\/2025\/wp-json\/wp\/v2\/product\/362"}],"collection":[{"href":"https:\/\/actionmall.act.at\/shop\/2025\/wp-json\/wp\/v2\/product"}],"about":[{"href":"https:\/\/actionmall.act.at\/shop\/2025\/wp-json\/wp\/v2\/types\/product"}],"wp:featuredmedia":[{"embeddable":true,"href":"https:\/\/actionmall.act.at\/shop\/2025\/wp-json\/wp\/v2\/media\/363"}],"wp:attachment":[{"href":"https:\/\/actionmall.act.at\/shop\/2025\/wp-json\/wp\/v2\/media?parent=362"}],"wp:term":[{"taxonomy":"product_cat","embeddable":true,"href":"https:\/\/actionmall.act.at\/shop\/2025\/wp-json\/wp\/v2\/product_cat?post=362"},{"taxonomy":"product_tag","embeddable":true,"href":"https:\/\/actionmall.act.at\/shop\/2025\/wp-json\/wp\/v2\/product_tag?post=362"}],"curies":[{"name":"wp","href":"https:\/\/api.w.org\/{rel}","templated":true}]}}