{"id":364,"date":"2025-12-16T10:48:36","date_gmt":"2025-12-16T09:48:36","guid":{"rendered":"https:\/\/actionmall.act.at\/shop\/2025\/?post_type=product&#038;p=364"},"modified":"2025-12-16T10:48:36","modified_gmt":"2025-12-16T09:48:36","slug":"glueckslicht-fuer-dich","status":"publish","type":"product","link":"https:\/\/actionmall.act.at\/shop\/2025\/produkt\/glueckslicht-fuer-dich\/","title":{"rendered":"Gl\u00fcckslicht &#8222;F\u00fcr Dich&#8220;"},"content":{"rendered":"<p>Dekoratives <strong>Gl\u00fcckslicht<\/strong> aus Keramik mit der Aufschrift \u201eGl\u00fcckslicht f\u00fcr Dich\u201c. Die schlichte wei\u00dfe Au\u00dfenseite kombiniert mit der goldfarbenen Innenseite sorgt f\u00fcr ein warmes, stimmungsvolles Licht. Ideal als Geschenk oder als liebevolle Dekoration f\u00fcr Zuhause.<\/p>\n","protected":false},"excerpt":{"rendered":"<p>Dekoratives Gl\u00fcckslicht aus Keramik mit der Aufschrift \u201eGl\u00fcckslicht f\u00fcr Dich\u201c. Die schlichte wei\u00dfe Au\u00dfenseite kombiniert mit der goldfarbenen Innenseite sorgt f\u00fcr ein warmes, stimmungsvolles Licht. Ideal als Geschenk oder als liebevolle Dekoration f\u00fcr Zuhause.<\/p>\n","protected":false},"featured_media":365,"template":"","meta":[],"product_cat":[],"product_tag":[],"class_list":{"0":"post-364","1":"product","2":"type-product","3":"status-publish","4":"has-post-thumbnail","7":"first","8":"instock","9":"taxable","10":"shipping-taxable","11":"purchasable","12":"product-type-simple"},"_links":{"self":[{"href":"https:\/\/actionmall.act.at\/shop\/2025\/wp-json\/wp\/v2\/product\/364"}],"collection":[{"href":"https:\/\/actionmall.act.at\/shop\/2025\/wp-json\/wp\/v2\/product"}],"about":[{"href":"https:\/\/actionmall.act.at\/shop\/2025\/wp-json\/wp\/v2\/types\/product"}],"wp:featuredmedia":[{"embeddable":true,"href":"https:\/\/actionmall.act.at\/shop\/2025\/wp-json\/wp\/v2\/media\/365"}],"wp:attachment":[{"href":"https:\/\/actionmall.act.at\/shop\/2025\/wp-json\/wp\/v2\/media?parent=364"}],"wp:term":[{"taxonomy":"product_cat","embeddable":true,"href":"https:\/\/actionmall.act.at\/shop\/2025\/wp-json\/wp\/v2\/product_cat?post=364"},{"taxonomy":"product_tag","embeddable":true,"href":"https:\/\/actionmall.act.at\/shop\/2025\/wp-json\/wp\/v2\/product_tag?post=364"}],"curies":[{"name":"wp","href":"https:\/\/api.w.org\/{rel}","templated":true}]}}