{"id":366,"date":"2025-12-16T10:54:41","date_gmt":"2025-12-16T09:54:41","guid":{"rendered":"https:\/\/actionmall.act.at\/shop\/2025\/?post_type=product&#038;p=366"},"modified":"2025-12-16T10:54:41","modified_gmt":"2025-12-16T09:54:41","slug":"gluecksbox-marienkaefer","status":"publish","type":"product","link":"https:\/\/actionmall.act.at\/shop\/2025\/produkt\/gluecksbox-marienkaefer\/","title":{"rendered":"Gl\u00fccksbox \u201eMarienk\u00e4fer\u201c"},"content":{"rendered":"<p>Elegante, runde Schmuckdose aus silberfarbenem Metall mit dekorativem Glasaufsatz. Der Deckel ist mit einer gr\u00fcnen Glasblume und liebevoll gestalteten Marienk\u00e4fern verziert. Ideal zur Aufbewahrung von Schmuck, kleinen Erinnerungsst\u00fccken oder als stilvolles Geschenk<\/p>\n","protected":false},"excerpt":{"rendered":"<p>Elegante, runde Schmuckdose aus silberfarbenem Metall mit dekorativem Glasaufsatz. Der Deckel ist mit einer gr\u00fcnen Glasblume und liebevoll gestalteten Marienk\u00e4fern verziert. Ideal zur Aufbewahrung von Schmuck, kleinen Erinnerungsst\u00fccken oder als stilvolles Geschenk<\/p>\n","protected":false},"featured_media":367,"template":"","meta":[],"product_cat":[],"product_tag":[],"class_list":{"0":"post-366","1":"product","2":"type-product","3":"status-publish","4":"has-post-thumbnail","7":"first","8":"instock","9":"taxable","10":"shipping-taxable","11":"purchasable","12":"product-type-simple"},"_links":{"self":[{"href":"https:\/\/actionmall.act.at\/shop\/2025\/wp-json\/wp\/v2\/product\/366"}],"collection":[{"href":"https:\/\/actionmall.act.at\/shop\/2025\/wp-json\/wp\/v2\/product"}],"about":[{"href":"https:\/\/actionmall.act.at\/shop\/2025\/wp-json\/wp\/v2\/types\/product"}],"wp:featuredmedia":[{"embeddable":true,"href":"https:\/\/actionmall.act.at\/shop\/2025\/wp-json\/wp\/v2\/media\/367"}],"wp:attachment":[{"href":"https:\/\/actionmall.act.at\/shop\/2025\/wp-json\/wp\/v2\/media?parent=366"}],"wp:term":[{"taxonomy":"product_cat","embeddable":true,"href":"https:\/\/actionmall.act.at\/shop\/2025\/wp-json\/wp\/v2\/product_cat?post=366"},{"taxonomy":"product_tag","embeddable":true,"href":"https:\/\/actionmall.act.at\/shop\/2025\/wp-json\/wp\/v2\/product_tag?post=366"}],"curies":[{"name":"wp","href":"https:\/\/api.w.org\/{rel}","templated":true}]}}