{"id":418,"date":"2026-01-27T10:56:23","date_gmt":"2026-01-27T09:56:23","guid":{"rendered":"https:\/\/actionmall.act.at\/shop\/2025\/?post_type=product&#038;p=418"},"modified":"2026-01-27T10:56:23","modified_gmt":"2026-01-27T09:56:23","slug":"karneval-clown-gentleman","status":"publish","type":"product","link":"https:\/\/actionmall.act.at\/shop\/2025\/produkt\/karneval-clown-gentleman\/","title":{"rendered":"Karneval Clown &#8222;Gentleman&#8220;"},"content":{"rendered":"<p>Bunte Glasfigur eines fr\u00f6hlichen Clowns mit Zylinder und Schleife. Aus farbigem Glas gefertigt, mit lebendigen Details und gl\u00e4nzender Oberfl\u00e4che. Ideal als dekoratives Sammlerst\u00fcck oder origineller Blickfang in Vitrine und Regal.<\/p>\n","protected":false},"excerpt":{"rendered":"<p>Bunte Glasfigur eines fr\u00f6hlichen Clowns mit Zylinder und Schleife. Aus farbigem Glas gefertigt, mit lebendigen Details und gl\u00e4nzender Oberfl\u00e4che. Ideal als dekoratives Sammlerst\u00fcck oder origineller Blickfang in Vitrine und Regal.<\/p>\n","protected":false},"featured_media":419,"template":"","meta":[],"product_cat":[],"product_tag":[],"class_list":{"0":"post-418","1":"product","2":"type-product","3":"status-publish","4":"has-post-thumbnail","7":"first","8":"instock","9":"taxable","10":"shipping-taxable","11":"purchasable","12":"product-type-simple"},"_links":{"self":[{"href":"https:\/\/actionmall.act.at\/shop\/2025\/wp-json\/wp\/v2\/product\/418"}],"collection":[{"href":"https:\/\/actionmall.act.at\/shop\/2025\/wp-json\/wp\/v2\/product"}],"about":[{"href":"https:\/\/actionmall.act.at\/shop\/2025\/wp-json\/wp\/v2\/types\/product"}],"wp:featuredmedia":[{"embeddable":true,"href":"https:\/\/actionmall.act.at\/shop\/2025\/wp-json\/wp\/v2\/media\/419"}],"wp:attachment":[{"href":"https:\/\/actionmall.act.at\/shop\/2025\/wp-json\/wp\/v2\/media?parent=418"}],"wp:term":[{"taxonomy":"product_cat","embeddable":true,"href":"https:\/\/actionmall.act.at\/shop\/2025\/wp-json\/wp\/v2\/product_cat?post=418"},{"taxonomy":"product_tag","embeddable":true,"href":"https:\/\/actionmall.act.at\/shop\/2025\/wp-json\/wp\/v2\/product_tag?post=418"}],"curies":[{"name":"wp","href":"https:\/\/api.w.org\/{rel}","templated":true}]}}